{"id":10893,"date":"2024-04-25T00:31:57","date_gmt":"2024-04-24T22:31:57","guid":{"rendered":"https:\/\/paddys.de\/?page_id=10893"},"modified":"2024-04-25T01:59:56","modified_gmt":"2024-04-24T23:59:56","slug":"radio","status":"publish","type":"page","link":"https:\/\/paddys.de\/es\/radio\/","title":{"rendered":"Radio"},"content":{"rendered":"<p>M\u00fasica ininterrumpida y fascinantemente conmovedora para audi\u00f3filos 24\/7 en mi lista de reproducci\u00f3n de Spotify, que ofrece m\u00fasica ambiental agradablemente variada, desde electro hasta piano, durante unos 10 d\u00edas.<\/p>\n\n\n\n<p>Haz clic en \"Cargar contenido desde Spotify\" para cargar mi lista de reproducci\u00f3n desde Spotify. \u00bfPor qu\u00e9 el bot\u00f3n extra? Porque somos europeos. No nos gusta que el resto del mundo cree plataformas modernas de \u00e9xito como Spotify, YouTube, Facebook o LinkedIn. Preferimos aferrarnos a nuestra estrechez de miras del siglo XIX y preguntarnos por qu\u00e9 no hay ni una sola empresa europea de este tipo. Por supuesto que queremos utilizarla. Pero \u00a1ay de quien reenv\u00ede nuestra direcci\u00f3n IP o instale una cookie! Ser\u00e1n demandados enseguida. Con \u00e9xito. Al fin y al cabo, estamos en Europa. <\/p>\n\n\n\n<p>As\u00ed que si no quieres que Spotify obtenga tus datos, por el amor de Dios no hagas clic en el bot\u00f3n.<\/p>\n\n\n\n<p>Para los m\u00e1s desfavorecidos: <a href=\"https:\/\/www.google.com\/url?sa=t&amp;source=web&amp;rct=j&amp;opi=89978449&amp;url=https:\/\/www.spotify.com\/de\/legal\/privacy-policy\/&amp;ved=2ahUKEwjawfug_NuFAxV3Q_EDHYfeD08QFnoECB8QAQ&amp;usg=AOvVaw0syOqayz0XGnFpmrn1F-Rk\">Pol\u00edtica de privacidad de Spotify<\/a><\/p>\n\n\n\n<p>Para todos los dem\u00e1s: en la parte superior del men\u00fa hay un bot\u00f3n <strong>\ud83d\udd08 Radio <\/strong>Enlace, con el que podr\u00e1s volver aqu\u00ed en cualquier momento.<\/p>\n\n\n\n<div style=\"height:100px\" aria-hidden=\"true\" class=\"wp-block-spacer\"><\/div>\n\n\n\n<figure class=\"wp-block-embed is-type-rich is-provider-spotify wp-block-embed-spotify wp-embed-aspect-21-9 wp-has-aspect-ratio\"><div class=\"wp-block-embed__wrapper\">\n<iframe title=\"Spotify Embed: Paddy&amp;apos;s Radio\" style=\"border-radius: 12px\" width=\"100%\" height=\"352\" frameborder=\"0\" allowfullscreen allow=\"autoplay; clipboard-write; encrypted-media; fullscreen; picture-in-picture\" loading=\"lazy\" src=\"https:\/\/open.spotify.com\/embed\/playlist\/5KVpyPUQAhU3nvFQFWczu9?si=9987578e5a1c4cb3&#038;pt=81e7e9f584f61c203587e54fe8a593ed&#038;utm_source=oembed\"><\/iframe>\n<\/div><\/figure>\n\n\n\n<div style=\"height:100px\" aria-hidden=\"true\" class=\"wp-block-spacer\"><\/div>","protected":false},"excerpt":{"rendered":"<p>Pausenlos faszinierend bewegende Musik f\u00fcr 24\/7 Audiophile in meiner Spotify Playlist, die etwa 10 Tage lang angenehm abwechslungsreiche Ambient Music von Electro bis Piano liefert. Klicke weiter unten auf &#8222;Inhalte von Spotify laden&#8220;, um meine Playlist von Spotify zu laden. Warum der extra Button? Na weil wir Europ\u00e4er sind. Wir m\u00f6gen den Rest der Welt nicht, der erfolgreiche moderne Plattformen wie Spotify, YouTube, Facebook oder LinkedIn auf die Beine stellt. Wir bleiben lieber bei unserer kleinkarierten Denkweise aus dem 19. Jahrhundert und wundern uns, wieso es kein einziges derartiges Unternehmen aus Europa gibt. Nutzen wollen wir es nat\u00fcrlich schon. Aber&#8230;<\/p>","protected":false},"author":1,"featured_media":10896,"parent":0,"menu_order":0,"comment_status":"closed","ping_status":"closed","template":"","meta":{"_acf_changed":false,"_lmt_disableupdate":"","_lmt_disable":"","_monsterinsights_skip_tracking":false,"_monsterinsights_sitenote_active":false,"_monsterinsights_sitenote_note":"","_monsterinsights_sitenote_category":0,"_uf_show_specific_survey":0,"_uf_disable_surveys":false,"footnotes":""},"class_list":["post-10893","page","type-page","status-publish","has-post-thumbnail","hentry"],"acf":[],"wps_subtitle":"","_links":{"self":[{"href":"https:\/\/paddys.de\/es\/wp-json\/wp\/v2\/pages\/10893","targetHints":{"allow":["GET"]}}],"collection":[{"href":"https:\/\/paddys.de\/es\/wp-json\/wp\/v2\/pages"}],"about":[{"href":"https:\/\/paddys.de\/es\/wp-json\/wp\/v2\/types\/page"}],"author":[{"embeddable":true,"href":"https:\/\/paddys.de\/es\/wp-json\/wp\/v2\/users\/1"}],"replies":[{"embeddable":true,"href":"https:\/\/paddys.de\/es\/wp-json\/wp\/v2\/comments?post=10893"}],"version-history":[{"count":8,"href":"https:\/\/paddys.de\/es\/wp-json\/wp\/v2\/pages\/10893\/revisions"}],"predecessor-version":[{"id":10911,"href":"https:\/\/paddys.de\/es\/wp-json\/wp\/v2\/pages\/10893\/revisions\/10911"}],"wp:featuredmedia":[{"embeddable":true,"href":"https:\/\/paddys.de\/es\/wp-json\/wp\/v2\/media\/10896"}],"wp:attachment":[{"href":"https:\/\/paddys.de\/es\/wp-json\/wp\/v2\/media?parent=10893"}],"curies":[{"name":"wp","href":"https:\/\/api.w.org\/{rel}","templated":true}]}}