{"id":3995,"date":"2022-09-01T00:02:34","date_gmt":"2022-08-31T22:02:34","guid":{"rendered":"https:\/\/paddys.de\/?page_id=3995"},"modified":"2022-09-23T09:28:50","modified_gmt":"2022-09-23T07:28:50","slug":"der-paddy","status":"publish","type":"page","link":"https:\/\/paddys.de\/es\/der-paddy\/","title":{"rendered":"El Paddy"},"content":{"rendered":"<blockquote class=\"wp-block-quote is-layout-flow wp-block-quote-is-layout-flow\"><p>\"El mejor paciente de ELA del mundo\"<\/p><cite>El enfermo imaginario, p\u00e1gina 1, P. Ruppelt 2022<\/cite><\/blockquote>\n\n\n\n<p><\/p>\n\n\n\n<h2 class=\"wp-block-heading\"><span class=\"ez-toc-section\" id=\"Diagnose\"><\/span>Diagn\u00f3stico<span class=\"ez-toc-section-end\"><\/span><\/h2>\n\n\n\n<p>Primeros s\u00edntomas en agosto de 2017: tropiezos frecuentes al hacer footing en el bosque, m\u00e1s tarde calambres nocturnos en las pantorrillas y fasciculaciones. Siguieron seis meses de visitas in\u00fatiles al m\u00e9dico (\"Est\u00e1s perfectamente sano\") hasta que ingres\u00e9 en Gro\u00dfhadern en marzo de 2018. El resultado tras siete d\u00edas de tratamiento hospitalario en el departamento de neurolog\u00eda: esclerosis lateral amiotr\u00f3fica (ELA). Hoy: nivel de atenci\u00f3n 5, GdB 90%, tetraparesia, pulm\u00f3n 0%<\/p>\n\n\n\n<h2 class=\"wp-block-heading\"><span class=\"ez-toc-section\" id=\"Behandlungen\"><\/span>Tratamientos<span class=\"ez-toc-section-end\"><\/span><\/h2>\n\n\n\n<ul class=\"wp-block-list\"><li>Seguimiento del progreso en el Instituto Friedrich Bauer<\/li><li>Neurofisioterapia<\/li><li>Logopedia<\/li><li>Visita al m\u00e9dico<\/li><li>Visita al otorrinolaring\u00f3logo<\/li><\/ul>\n\n\n\n<h2 class=\"wp-block-heading\"><span class=\"ez-toc-section\" id=\"Hilfsmittel\"><\/span>Recursos<span class=\"ez-toc-section-end\"><\/span><\/h2>\n\n\n\n<ul class=\"wp-block-list\"><li>Silla de ruedas activa<\/li><li>Silla de ruedas de carbono<\/li><li>Silla de ruedas el\u00e9ctrica<\/li><li>3x elevador de techo con motor de accionamiento en el cuarto de ba\u00f1o<\/li><li>Dormitorio y sala de estar<\/li><li>Elevador de ba\u00f1era<\/li><li>en la plataforma elevadora de la escalera<\/li><li>Cama de cuidados<\/li><li>Colch\u00f3n de lecho blando antidec\u00fabito<\/li><li><a href=\"https:\/\/paddys.de\/es\/augensteuerung\/\" title=\"Control ocular\">PC Eye Control Tobii Dynavox PCEye y Communicator en Surface Pro 8<\/a><\/li><\/ul>\n\n\n\n<h2 class=\"wp-block-heading\"><span class=\"ez-toc-section\" id=\"Gerate\"><\/span>Dispositivos<span class=\"ez-toc-section-end\"><\/span><\/h2>\n\n\n\n<ul class=\"wp-block-list\"><li>Ventilaci\u00f3n 2x Resmed Astral 100 (1x activo, 1x en espera)<\/li><li>Mascarilla nasal (d\u00eda)<\/li><li>Mascarilla para nariz y boca (nocturna)<\/li><li>Asistente para la tos Philips Cough Assist E70<\/li><li>Aspiraci\u00f3n Vacuaide<\/li><li>Inhalaci\u00f3n Multis\u00f3nica<\/li><li>Vaporizador de cannabis Vapormed Volcano MEDIC 2<\/li><li>Technics SL-1200MK2<\/li><\/ul>\n\n\n\n<pre class=\"wp-block-verse\">El tiempo es precioso. Desperd\u00edcialo sabiamente.<\/pre>\n\n\n\n<h2 class=\"wp-block-heading\"><span class=\"ez-toc-section\" id=\"Berufsausubung\"><\/span>Pr\u00e1ctica profesional<span class=\"ez-toc-section-end\"><\/span><\/h2>\n\n\n\n<p>Director gerente de una exitosa empresa de TI. S\u00ed, de hecho sigo trabajando y ganando un buen dinero.<\/p>\n\n\n\n<p><\/p>\n\n\n\n<h2 class=\"wp-block-heading\"><span class=\"ez-toc-section\" id=\"Vorlieben\"><\/span>Preferencias<span class=\"ez-toc-section-end\"><\/span><\/h2>\n\n\n\n<p>Gastar el dinero bueno. Comprar cosas bonitas, regalar cosas bonitas, escuchar discos, fumar, zumo de mango reci\u00e9n exprimido, pensar en el mundo.<\/p>\n\n\n\n<p><\/p>\n\n\n\n<pre class=\"wp-block-verse\">Sexo, drogas y todo tipo de m\u00fasica<\/pre>\n\n\n\n<h2 class=\"wp-block-heading\"><span class=\"ez-toc-section\" id=\"Einsatzort\"><\/span>Ubicaci\u00f3n<span class=\"ez-toc-section-end\"><\/span><\/h2>\n\n\n\n<p>Mi condominio en la parte hist\u00f3rica de Gr\u00fcnwald, a poca distancia del Isar. Sala separada para cuidadores con TV, Netflix, Prime, TV Now, Joyn. Impresora multifunci\u00f3n Wifi, WLAN 100 Mbit, iPad Air. Sof\u00e1, cama de invitados. Cafetera Nespresso Pro gastro, 2.000 c\u00e1psulas de caf\u00e9 en stock, 200 tipos de licores. Balc\u00f3n cubierto de 20 metros cuadrados para fumadores.<\/p>\n\n\n\n<p><\/p>","protected":false},"excerpt":{"rendered":"<p>&#8222;Der beste ALS Patient der Welt&#8220;Der eingebildete Kranke, Seite 1, P. Ruppelt 2022 Diagnose Erste Symptome im August 2017: h\u00e4ufiges Stolpern beim Joggen im Wald, sp\u00e4ter n\u00e4chtliche Wadenkr\u00e4mpfe und Faszikulationen. Es folgen sechs Monate sinnlose Arztbesuche (\u201eSie sind kerngesund.\u201c), bis ich mich im M\u00e4rz 2018 selbst in Gro\u00dfhadern einliefere. Ergebnis nach sieben Tagen station\u00e4rem Aufenthalt auf der Neurologie: Amyotrophe Lateralsklerose (ALS). Heute: Pflegegrad 5, GdB 90%, Tetraparese, Lunge 0% Behandlungen Verlaufskontrolle im Friedrich-Baur-InstitutNeuro-PhysiotherapieLogop\u00e4dieHausarztvisiteHNO-\u00c4rztin-Visite Hilfsmittel AktivrollstuhlCarbon RollstuhlElektro-Rollstuhl3x Deckenlifter mit Fahrmotor im BadSchlafzimmer und WohnzimmerBadewannenlifterim Treppenhaus PlattformliftPflegebettAnti-Dekubitus Weich-lagerungsmatratzePC-Augensteuerung Tobii Dynavox PCEye und Communicator an Surface Pro 8 Ger\u00e4te Beatmung 2x Resmed Astral&#8230;<\/p>","protected":false},"author":1,"featured_media":3997,"parent":0,"menu_order":0,"comment_status":"closed","ping_status":"closed","template":"","meta":{"_acf_changed":false,"_lmt_disableupdate":"","_lmt_disable":"","_monsterinsights_skip_tracking":false,"_monsterinsights_sitenote_active":false,"_monsterinsights_sitenote_note":"","_monsterinsights_sitenote_category":0,"_uf_show_specific_survey":0,"_uf_disable_surveys":false,"footnotes":""},"class_list":["post-3995","page","type-page","status-publish","has-post-thumbnail","hentry"],"acf":[],"wps_subtitle":"","_links":{"self":[{"href":"https:\/\/paddys.de\/es\/wp-json\/wp\/v2\/pages\/3995","targetHints":{"allow":["GET"]}}],"collection":[{"href":"https:\/\/paddys.de\/es\/wp-json\/wp\/v2\/pages"}],"about":[{"href":"https:\/\/paddys.de\/es\/wp-json\/wp\/v2\/types\/page"}],"author":[{"embeddable":true,"href":"https:\/\/paddys.de\/es\/wp-json\/wp\/v2\/users\/1"}],"replies":[{"embeddable":true,"href":"https:\/\/paddys.de\/es\/wp-json\/wp\/v2\/comments?post=3995"}],"version-history":[{"count":8,"href":"https:\/\/paddys.de\/es\/wp-json\/wp\/v2\/pages\/3995\/revisions"}],"predecessor-version":[{"id":4015,"href":"https:\/\/paddys.de\/es\/wp-json\/wp\/v2\/pages\/3995\/revisions\/4015"}],"wp:featuredmedia":[{"embeddable":true,"href":"https:\/\/paddys.de\/es\/wp-json\/wp\/v2\/media\/3997"}],"wp:attachment":[{"href":"https:\/\/paddys.de\/es\/wp-json\/wp\/v2\/media?parent=3995"}],"curies":[{"name":"wp","href":"https:\/\/api.w.org\/{rel}","templated":true}]}}