{"id":6303,"date":"2023-04-22T22:30:17","date_gmt":"2023-04-22T20:30:17","guid":{"rendered":"https:\/\/paddys.de\/?page_id=6303"},"modified":"2023-06-20T21:51:30","modified_gmt":"2023-06-20T19:51:30","slug":"patricks-pflege-anleitung","status":"publish","type":"page","link":"https:\/\/paddys.de\/es\/patricks-pflege-anleitung\/","title":{"rendered":"Gu\u00eda de cuidados de Patrick"},"content":{"rendered":"<p><\/p>\n\n\n\n<div style=\"height:40px\" aria-hidden=\"true\" class=\"wp-block-spacer\"><\/div>\n\n\n\n<h3 class=\"wp-block-heading\">\u00cdndice <\/h3>\n\n\n\n<p><em><mark style=\"background-color:rgba(0, 0, 0, 0)\" class=\"has-inline-color has-vivid-red-color\"><strong>Todav\u00eda faltan muchos contenidos en la versi\u00f3n web. Estoy intentando colmar las lagunas r\u00e1pidamente.<\/strong><\/mark><\/em><\/p>\n\n\n\n<div style=\"height:40px\" aria-hidden=\"true\" class=\"wp-block-spacer\"><\/div>\n\n\n\n<ol class=\"wp-block-list\">\n<li><a href=\"https:\/\/paddys.de\/es\/pflegeanleitung-mal-anders\/\">Instrucciones de cuidado diferentes<\/a>\n<ol class=\"wp-block-list\">\n<li><a href=\"https:\/\/paddys.de\/es\/notfallzeichen\/\" title=\"Se\u00f1al de emergencia\">Se\u00f1al de emergencia<\/a><\/li>\n\n\n\n<li><a href=\"https:\/\/paddys.de\/es\/dinge-die-nicht-passieren-duerfen\/\" title=\"Cosas que no deben ocurrir\">Cosas que no deben ocurrir<\/a><\/li>\n\n\n\n<li><a href=\"https:\/\/paddys.de\/es\/wenn-wir-mal-nicht-weiter-kommen\/\" title=\"Cuando nos atascamos\">Cuando nos atascamos<\/a><\/li>\n\n\n\n<li><a href=\"https:\/\/paddys.de\/es\/kleinigkeiten-die-mich-gluecklich-machen\/\" title=\"Peque\u00f1as cosas que me hacen feliz\">Peque\u00f1as cosas que me hacen feliz<\/a><\/li>\n\n\n\n<li><a href=\"https:\/\/paddys.de\/es\/machts-mias-doch-so-schwer-neda\/\" title=\"P\u00f3nmelo muy dif\u00edcil.\">Y eso no me gusta nada <\/a><\/li>\n\n\n\n<li><a href=\"https:\/\/paddys.de\/es\/der-paddy\/\" title=\"El Paddy\">Diagn\u00f3stico <\/a>\n<ol class=\"wp-block-list\">\n<li><a href=\"https:\/\/paddys.de\/es\/der-gefuehllose-kranke\/\" title=\"El enfermo insensible.\">El curso de la enfermedad en movimiento r\u00e1pido <\/a><\/li>\n\n\n\n<li><a href=\"https:\/\/paddys.de\/es\/no-pain-no-fun\/\" title=\"No hieras mis sentimientos.\">Habilidades sensoriales y motoras<\/a><\/li>\n\n\n\n<li><a href=\"https:\/\/paddys.de\/es\/no-pain-no-fun-2\/\" title=\"Sin dolor no hay diversi\u00f3n.\">Sensaci\u00f3n de dolor <\/a><\/li>\n<\/ol>\n<\/li>\n<\/ol>\n<\/li>\n\n\n\n<li><a href=\"https:\/\/paddys.de\/es\/notfallplan\/\" title=\"Plan de emergencia\">Plan de emergencia<\/a><\/li>\n\n\n\n<li><a href=\"https:\/\/paddys.de\/es\/medikamente\/\" title=\"Medicamentos\">Medicamentos<\/a><\/li>\n\n\n\n<li><a href=\"https:\/\/paddys.de\/es\/tagesablauf-kalender\/\" title=\"Rutina diaria \/ calendario\">Rutina diaria \/ calendario<\/a><\/li>\n\n\n\n<li>Congesti\u00f3n ciborg\n<ol class=\"wp-block-list\">\n<li><a href=\"https:\/\/paddys.de\/es\/eine-trilogie-in-vier-teilen\/\" title=\"Una trilog\u00eda en cuatro partes\">PEG (sonda g\u00e1strica)<\/a>\n<ol class=\"wp-block-list\">\n<li><a href=\"https:\/\/paddys.de\/es\/hab-ich-mir-die-peg-gezogen\/\" title=\"He tirado de la PEG.\">Fijar el PEG <\/a><\/li>\n<\/ol>\n<\/li>\n\n\n\n<li>Sonda vesical <\/li>\n<\/ol>\n<\/li>\n\n\n\n<li><a href=\"https:\/\/paddys.de\/es\/meine-hilfsmittel\/\" title=\"Mis herramientas\">Mis herramientas<\/a>\n<ol class=\"wp-block-list\">\n<li><a href=\"https:\/\/paddys.de\/es\/philips-respironics-amara-view-nasen-mund-maske\/\" title=\"Mascarilla Nasal-Bucal Philips Respironics Amara View\">Mascarilla Nasal-Bucal Philips Respironics Amara View<\/a>\n<ol class=\"wp-block-list\">\n<li><a href=\"https:\/\/paddys.de\/es\/anlegen-der-nasen-mund-maske\/\" title=\"Colocaci\u00f3n de la m\u00e1scara nariz-boca\">Colocaci\u00f3n de la m\u00e1scara nariz-boca<\/a><\/li>\n\n\n\n<li><a href=\"https:\/\/paddys.de\/es\/abnehmen\/\" title=\"Perder peso\">Perder peso<\/a><\/li>\n\n\n\n<li><a href=\"https:\/\/paddys.de\/es\/beschreibung-der-einzelteile-der-nasen-mund-maske\/\" title=\"Descripci\u00f3n de las partes individuales de la m\u00e1scara nasal y bucal\">Descripci\u00f3n de las partes individuales de la m\u00e1scara nasal y bucal<\/a><\/li>\n<\/ol>\n<\/li>\n\n\n\n<li><a href=\"https:\/\/paddys.de\/es\/resmed-airfit-n20-classic-nasenmaske\/\" title=\"ResMed AirFit N20 Mascarilla Nasal Cl\u00e1sica\">ResMed AirFit N20 Mascarilla Nasal Cl\u00e1sica<\/a>\n<ol class=\"wp-block-list\">\n<li><a href=\"https:\/\/paddys.de\/es\/beschreibung-der-einzelteile-der-nasenmaske\/\" title=\"Descripci\u00f3n de las partes individuales de la m\u00e1scara nasal\">Descripci\u00f3n de las partes individuales de la m\u00e1scara nasal<\/a><\/li>\n\n\n\n<li><a href=\"https:\/\/paddys.de\/es\/anlegen-der-nasenmaske\/\" title=\"Colocaci\u00f3n de la m\u00e1scara nasal\">Colocaci\u00f3n de la m\u00e1scara nasal<\/a><\/li>\n\n\n\n<li><a href=\"https:\/\/paddys.de\/es\/abnehmen-der-nasenmaske\/\" title=\"Quitar la m\u00e1scara nasal\">Quitar la m\u00e1scara nasal<\/a><\/li>\n\n\n\n<li><a href=\"https:\/\/paddys.de\/es\/auseinanderbau-der-nasenmaske\/\" title=\"Desmontaje de la m\u00e1scara nasal\">Desmontaje de la m\u00e1scara nasal<\/a><\/li>\n\n\n\n<li><a href=\"https:\/\/paddys.de\/es\/zusammenbau-der-nasenmaske\/\" title=\"Montaje de la m\u00e1scara nasal\">Montaje de la m\u00e1scara nasal<\/a><\/li>\n\n\n\n<li><a href=\"https:\/\/paddys.de\/es\/reinigung-der-nasenmaske\/\" title=\"Limpieza de la m\u00e1scara nasal\">Limpieza de la m\u00e1scara nasal<\/a><br><\/li>\n\n\n\n<li><a href=\"https:\/\/paddys.de\/es\/kein-wort-zum-sonntag\/\" title=\"No se sabe nada del domingo\">Soluci\u00f3n a todos los problemas<\/a><\/li>\n<\/ol>\n<\/li>\n\n\n\n<li><a href=\"https:\/\/paddys.de\/es\/maskenwechsel\/\" title=\"Cambiar m\u00e1scara\">Cambiar m\u00e1scara<\/a>\n<ol class=\"wp-block-list\">\n<li><a href=\"https:\/\/paddys.de\/es\/wechsel-nasenmaske-auf-nasen-mund-maske\/\" title=\"&lt;a&gt;Cambia la mascarilla nasal por una mascarilla nariz-boca&lt;\/a&gt;&quot; &amp;gt;Cambia la m&aacute;scara nasal por una m&aacute;scara nariz-boca&lt;\/a&gt;&lt;\/li&gt;&lt;li&gt;&amp;lt;a href=\"https:>Cambia la mascarilla nasal por la mascarilla nasal<\/a>\" &gt;Cambia la mascarilla nasal por la mascarilla nasal<\/a><\/li>\n<\/ol>\n<\/li>\n\n\n\n<li><a href=\"https:\/\/paddys.de\/es\/mein-schlauch-teil-meines-koerpers\/\" title=\"Mi manguera. Parte de mi cuerpo.\">Mi manguera. Parte de mi cuerpo.<\/a>\n<ol class=\"wp-block-list\">\n<li><a href=\"https:\/\/paddys.de\/es\/so-liegt-der-schlauch-richtig\/\" title=\"De este modo, la manguera queda en la posici\u00f3n correcta.\">De este modo, la manguera queda en la posici\u00f3n correcta.<\/a><\/li>\n\n\n\n<li>Manguera de agua.<\/li>\n<\/ol>\n<\/li>\n\n\n\n<li><a href=\"https:\/\/paddys.de\/es\/resmed-astral-100-beatmung\/\" title=\"ResMed Astral 100 (ventilaci\u00f3n)\">ResMed Astral 100 (ventilaci\u00f3n)<\/a>\n<ol class=\"wp-block-list\">\n<li><a href=\"https:\/\/paddys.de\/es\/resmed-astral-100-beatmung\/\" title=\"ResMed Astral 100 (ventilaci\u00f3n)\">Aplicaci\u00f3n <\/a><\/li>\n\n\n\n<li><a href=\"https:\/\/paddys.de\/es\/resmed-astral-100-beatmung\/\" title=\"ResMed Astral 100 (ventilaci\u00f3n)\">Reglamento <\/a><\/li>\n<\/ol>\n<\/li>\n\n\n\n<li><a href=\"https:\/\/paddys.de\/es\/wilamed-airniva-atemgasbefeuchter\/\" title=\"WiLAmed AIRniva (humidificador de gases respiratorios)\">WiLAmed AIRniva (humidificador de gases respiratorios)<\/a><\/li>\n\n\n\n<li><a href=\"https:\/\/paddys.de\/es\/philips-respironics-e70-hustenassistent\/\" title=\"Philips\/Respironics E70 (asistente para la tos)\">Philips\/Respironics E70 (asistente para la tos)<\/a>\n<ol class=\"wp-block-list\">\n<li><a href=\"https:\/\/paddys.de\/es\/philips-respironics-e70-hustenassistent\/\" title=\"Philips\/Respironics E70 (asistente para la tos)\">Aplicaci\u00f3n <\/a><\/li>\n\n\n\n<li><a href=\"https:\/\/paddys.de\/es\/philips-respironics-e70-hustenassistent\/\" title=\"Philips\/Respironics E70 (asistente para la tos)\">Reglamento<\/a> <\/li>\n<\/ol>\n<\/li>\n\n\n\n<li><a href=\"https:\/\/paddys.de\/es\/multisonic-medikamentenvernebler-inhalation-kalt\/\" title=\"Nebulizador multis\u00f3nico de medicamentos (inhalaci\u00f3n, fr\u00edo)\">Nebulizador multis\u00f3nico de medicamentos (inhalaci\u00f3n, fr\u00edo)<\/a><\/li>\n\n\n\n<li><a href=\"https:\/\/paddys.de\/es\/kiffen-auf-rezept\/\" title=\"VaporMed Volcano Medic 2 (inhalaci\u00f3n, caliente)\">VaporMed Volcano Medic 2 (inhalaci\u00f3n, caliente)<\/a><\/li>\n\n\n\n<li><a href=\"https:\/\/paddys.de\/es\/vorbereitung-mit-kapsel-befuellen\/\" title=\"Volc\u00e1n: Preparaci\u00f3n (rellenar con c\u00e1psula)\">Preparaci\u00f3n (rellenar con la c\u00e1psula)<\/a><\/li>\n\n\n\n<li><a href=\"https:\/\/paddys.de\/es\/rauchen-eigentlich-inhalation\/\" title=\"Fumar (en realidad inhalar)\">Fumar (en realidad inhalar)<\/a><\/li>\n\n\n\n<li><a href=\"https:\/\/paddys.de\/es\/volcano-reinigung-nach-jedem-gebrauch\/\" title=\"Volc\u00e1n: Limpieza (despu\u00e9s de cada uso)\">Limpieza (despu\u00e9s de cada uso)<\/a><\/li>\n\n\n\n<li><a href=\"https:\/\/paddys.de\/es\/vollstaendige-reinigung\/\" title=\"Limpieza completa\">Limpieza completa<\/a>\n<ol class=\"wp-block-list\">\n<li><a href=\"https:\/\/paddys.de\/es\/vollstaendige-reinigung\/#Reinigung_der_Fuellkammer\" title=\"\">Limpieza de la c\u00e1mara de llenado<\/a><\/li>\n\n\n\n<li><a href=\"https:\/\/paddys.de\/es\/vollstaendige-reinigung\/#Reinigung_des_Heisslufterzeugers\" title=\"\">Limpieza del generador de aire caliente<\/a><\/li>\n\n\n\n<li><a href=\"https:\/\/paddys.de\/es\/vollstaendige-reinigung\/#Wiederverwendbarkeit_des_Ventilballons_bzw_des_Schlauchs\" title=\"\">Reutilizaci\u00f3n del globo de v\u00e1lvula o de la manguera<\/a><\/li>\n<\/ol>\n<\/li>\n\n\n\n<li><a href=\"https:\/\/paddys.de\/es\/faszination-faszikulation-cannabis-schaffst-du-das\/\" title=\"Fascinaci\u00f3n Fasciculaci\u00f3n y Cannabis\">Efecto e impacto <\/a><\/li>\n\n\n\n<li>Superficie (control ocular Tobii)\n<ol class=\"wp-block-list\">\n<li><a href=\"https:\/\/paddys.de\/es\/ausrichtung-positionierung-des-staenders\/\" title=\"Superficie y Tobii, alineaci\u00f3n (posicionamiento) del soporte\">Alineaci\u00f3n (posicionamiento) del soporte<\/a><\/li>\n\n\n\n<li><a href=\"https:\/\/paddys.de\/es\/lagerung-meiner-wenigkeit-fuer-laptoparbeit\/\" title=\"Almacenamiento de tu servidor para el trabajo con el port\u00e1til\">Almacenamiento de tu servidor para el trabajo con el port\u00e1til<\/a><\/li>\n\n\n\n<li><a href=\"https:\/\/paddys.de\/es\/tobii-fehlerbehebung\/\" title=\"Soluci\u00f3n de problemas de Tobii\">Soluci\u00f3n de problemas<\/a>\n<ol class=\"wp-block-list\">\n<li><a href=\"https:\/\/paddys.de\/es\/augensteuerung\/\" title=\"Control ocular\">Errores conocidos (parte 1)<\/a><\/li>\n\n\n\n<li><a href=\"https:\/\/paddys.de\/es\/fk-you-tobii-you-donkey\/\" title=\"Que te jodan, Tobii. Burro.\">Errores conocidos (parte 2)<\/a><\/li>\n<\/ol>\n<\/li>\n<\/ol>\n<\/li>\n<\/ol>\n<\/li>\n\n\n\n<li><a href=\"https:\/\/paddys.de\/es\/lagerung-meines-koerpers\/\" title=\"Almacenamiento de mi cuerpo\">Almacenamiento de mi cuerpo<\/a>\n<ol class=\"wp-block-list\">\n<li><a href=\"https:\/\/paddys.de\/es\/rueckenlage-mit-kopf-nach-rechts\/\" title=\"Dec\u00fabito supino con la cabeza hacia la derecha\">Dec\u00fabito supino con la cabeza hacia la derecha<\/a><\/li>\n\n\n\n<li><a href=\"https:\/\/paddys.de\/es\/mikrolagerung-rumpf-und-ruecken\/\" title=\"Microposicionamiento del torso y la espalda\">Microposicionamiento del torso y la espalda<\/a><\/li>\n\n\n\n<li><a href=\"https:\/\/paddys.de\/es\/mikrolagerung-beine\/\" title=\"Patas microposicionadoras\">Patas microposicionadoras<\/a><\/li>\n\n\n\n<li><a href=\"https:\/\/paddys.de\/es\/beine-aufstellen\/\" title=\"Sube las piernas\">Sube las piernas<\/a><\/li>\n\n\n\n<li><a href=\"https:\/\/paddys.de\/es\/seitenlage-links\/\" title=\"Posici\u00f3n lateral izquierda\">Posici\u00f3n lateral izquierda<\/a><\/li>\n\n\n\n<li><a href=\"https:\/\/paddys.de\/es\/seitenlage-rechts\/\" title=\"Posici\u00f3n lateral derecha\">Posici\u00f3n lateral derecha<\/a><\/li>\n\n\n\n<li><a href=\"https:\/\/paddys.de\/es\/aufsetzen-sitzen\/\" title=\"Sentado (sentada)\">Sentado (sentada)<\/a><\/li>\n\n\n\n<li><a href=\"https:\/\/paddys.de\/es\/wieder-runter-fahren-hinlegen\/\" title=\"Vuelve a bajar (t\u00fambate)\">Vuelve a bajar (t\u00fambate)<\/a><\/li>\n\n\n\n<li><a href=\"https:\/\/paddys.de\/es\/finger-dehnen-und-ausstrecken\/\" title=\"Estira y extiende los dedos\">Estira y extiende los dedos<\/a><\/li>\n\n\n\n<li><a href=\"https:\/\/paddys.de\/es\/lagerung-meines-rechten-ohrs\/\" title=\"Posici\u00f3n de mi oreja derecha\">Posici\u00f3n de mi oreja derecha<\/a><\/li>\n\n\n\n<li><a href=\"https:\/\/paddys.de\/es\/lagern-brauchts-nur-am-whiskey\/\" title=\"S\u00f3lo hay que guardarlo sobre el whisky.\">Problema de falta de ropa de cama: \u00falceras por presi\u00f3n <\/a><\/li>\n<\/ol>\n<\/li>\n\n\n\n<li><a href=\"https:\/\/paddys.de\/es\/hygiene-und-pflege\/\" title=\"Higiene y cuidados\">Higiene y cuidados<\/a>\n<ol class=\"wp-block-list\">\n<li><a href=\"https:\/\/paddys.de\/es\/wasserlassen-pipi\/\" title=\"Orinar (&quot;pip\u00ed&quot;)\">Orinar (\"pip\u00ed\")<\/a><\/li>\n\n\n\n<li><a href=\"https:\/\/paddys.de\/es\/gesichtspflege\/\" title=\"Cuidado facial\">Cuidado facial<\/a> se sustituye por 8.5.4)<\/li>\n\n\n\n<li><a href=\"https:\/\/paddys.de\/es\/wechsel-nasen-mund-maske-auf-nasenmaske\/\" title=\"&lt;a&gt;Cambia la mascarilla nasal por la mascarilla nasal&lt;\/a&gt;&quot; &amp;gt;Cuidado bucal&lt;\/a&gt; (sustituido por 8.5.3)&lt;\/li&gt;&lt;li&gt;&amp;lt;a href=\"https:>Atenci\u00f3n dental<\/a> (sustituido por 8.5.3)\n<ol class=\"wp-block-list\">\n<li><a href=\"https:\/\/paddys.de\/es\/graf-patricula\/\" title=\"Conde Patricula\">Problema 1: Sangrado de enc\u00edas con mascarilla <\/a><\/li>\n\n\n\n<li><a href=\"https:\/\/paddys.de\/es\/medium-rare-is-was-fuer-weicheier\/\" title=\"Medio crudo es para cobardes.\">Problema 2: mis enc\u00edas maltrechas<\/a> <\/li>\n<\/ol>\n<\/li>\n\n\n\n<li><a href=\"https:\/\/paddys.de\/es\/grundpflege\/\" title=\"Cuidados b\u00e1sicos\">Cuidados b\u00e1sicos<\/a>\n<ol class=\"wp-block-list\">\n<li>Ojos limpios<\/li>\n\n\n\n<li>Cuidado de los labios <\/li>\n\n\n\n<li>Cuidado bucal (sustituye a 8.4)<\/li>\n\n\n\n<li>Cuidado facial (sustituye a 8.2)<\/li>\n\n\n\n<li>Lavado corporal de pies a cabeza<\/li>\n\n\n\n<li>Frota el cuello, los hombros y la espalda<\/li>\n\n\n\n<li>Lavado \u00edntimo<\/li>\n\n\n\n<li>Cepillado del pelo<\/li>\n<\/ol>\n<\/li>\n\n\n\n<li><a href=\"https:\/\/paddys.de\/es\/pedikuere\/\" title=\"Pedicura\">Pedicura<\/a><\/li>\n\n\n\n<li><a href=\"https:\/\/paddys.de\/es\/manikuere\/\" title=\"Manicura\">Manicura<\/a><\/li>\n\n\n\n<li>Afeitado (cara)<\/li>\n\n\n\n<li>Afeitado (pechos, axilas, afeitado \u00edntimo) <\/li>\n\n\n\n<li>Limpieza m\u00e9dica de o\u00eddos<\/li>\n\n\n\n<li>Peinado<\/li>\n\n\n\n<li>Peluquer\u00eda<\/li>\n<\/ol>\n<\/li>\n\n\n\n<li>Comida y bebida\n<ol class=\"wp-block-list\">\n<li><a href=\"https:\/\/paddys.de\/es\/der-schleimbeutel\/\" title=\"La bursa\">Formaci\u00f3n de limo problem\u00e1tico<\/a><\/li>\n\n\n\n<li>Caf\u00e9 Panto<\/li>\n\n\n\n<li>Mi placer diario del caf\u00e9<\/li>\n\n\n\n<li>Desayuno<\/li>\n\n\n\n<li>Agua helada<\/li>\n\n\n\n<li><a href=\"https:\/\/paddys.de\/es\/tea-or-not-to-tea\/\" title=\"T\u00e9 o no t\u00e9.\">Agua mediante bomba PEG <\/a><\/li>\n\n\n\n<li>Tomar alimentos siempre en bolo <\/li>\n\n\n\n<li>Medicaci\u00f3n siempre en bolo<\/li>\n\n\n\n<li><a href=\"https:\/\/paddys.de\/es\/nachtragshaushalt-zigarette-no-1\/\" title=\"Presupuesto suplementario Cigarrillo n\u00ba 1\">Fumar cigarrillo <\/a><\/li>\n<\/ol>\n<\/li>\n\n\n\n<li>Terapia y visitas al m\u00e9dico\n<ol class=\"wp-block-list\">\n<li>Fisioterapia\n<ol class=\"wp-block-list\">\n<li><a href=\"https:\/\/paddys.de\/es\/schmerz-lass-nach\/\" title=\"Dolor, d\u00e9jate llevar.\">Ejercicios intermedios<\/a><\/li>\n\n\n\n<li><a href=\"https:\/\/paddys.de\/es\/physio-uebung-1-schulterblatt-rausziehen\/\" title=\"Fisioejercicio 1: Tira hacia fuera del om\u00f3plato\">Ejercicio fisio 1: Tir\u00f3n de hombro <\/a><\/li>\n\n\n\n<li><a href=\"https:\/\/paddys.de\/es\/physio-uebung-2-achsel-entstauchen\/\" title=\"Ejercicio fisio 2: Descompresi\u00f3n axilar\">Ejercicio fisio 2: Estirar la axila<\/a> <\/li>\n\n\n\n<li><a href=\"https:\/\/paddys.de\/es\/physio-uebung-3-nervenschonende-lagerung\/\" title=\"Fisioejercicio 3: Posici\u00f3n protectora de los nervios\">Fisioejercicio 3: Posici\u00f3n protectora de los nervios <\/a><\/li>\n<\/ol>\n<\/li>\n\n\n\n<li>Neurofisioterapia<\/li>\n\n\n\n<li>Logopedia<\/li>\n\n\n\n<li>Visita al m\u00e9dico<\/li>\n\n\n\n<li>Ronda de otorrinolaring\u00f3logos<\/li>\n<\/ol>\n<\/li>\n\n\n\n<li><a href=\"https:\/\/paddys.de\/es\/patrick-hats-ja\/\" title=\"Patrick lo tiene.\">Pedidos<\/a>\n<ol class=\"wp-block-list\">\n<li><a href=\"https:\/\/paddys.de\/es\/die-koschten\/\" title=\"Los Koschten.\">Sin exenci\u00f3n de copago<\/a><\/li>\n\n\n\n<li>Medicamentos @ Farmacia Mary, Gr\u00fcnwald<\/li>\n\n\n\n<li>Comida para beber @ Farmacia Schubert, Pullach<\/li>\n\n\n\n<li>Tienda de suministros m\u00e9dicos @ Vivisol Alemania<\/li>\n\n\n\n<li>Suministro de PEG @ Vivisol Cuidados Intensivos<\/li>\n\n\n\n<li>Silla de ruedas &amp; Co. @ Reha Team Oberland<\/li>\n\n\n\n<li>Todo por menos de 5,- \u20ac @ Amazon<\/li>\n<\/ol>\n<\/li>\n\n\n\n<li>Rutina diaria\n<ol class=\"wp-block-list\">\n<li>Duerme<\/li>\n\n\n\n<li>Trabajo con ordenador port\u00e1til<\/li>\n\n\n\n<li>Colaboraci\u00f3n con Sis<\/li>\n\n\n\n<li>Escucha un disco<\/li>\n\n\n\n<li><a href=\"https:\/\/paddys.de\/es\/die-lange-nacht-tag-nacht-tag-nacht\/\" title=\"La larga noche-d\u00eda-d\u00eda-noche\">Celebra <\/a><\/li>\n\n\n\n<li>Dame cinco<\/li>\n\n\n\n<li>El d\u00eda perfecto.<\/li>\n<\/ol>\n<\/li>\n\n\n\n<li>La finca \"Schorrerhof\n<ol class=\"wp-block-list\">\n<li>Vecinos<\/li>\n\n\n\n<li>Locales<\/li>\n\n\n\n<li>Lavadero<\/li>\n\n\n\n<li>Mi bodega<\/li>\n\n\n\n<li>Aparcamiento subterr\u00e1neo<\/li>\n\n\n\n<li>Eliminaci\u00f3n de residuos<\/li>\n<\/ol>\n<\/li>\n\n\n\n<li>Mi piso\n<ol class=\"wp-block-list\">\n<li>Llave, llave de emergencia<\/li>\n\n\n\n<li>Hogar inteligente\n<ol class=\"wp-block-list\">\n<li><a href=\"https:\/\/paddys.de\/es\/alexa-tu-was-ich-sage\/\" title=\"\u00bfAlexa? Haz lo que te digo.\">Amazon Alexa (control por voz)<\/a><\/li>\n\n\n\n<li>Philips Hue (Luz)<\/li>\n\n\n\n<li>Elgato Eve (Calefacci\u00f3n)<\/li>\n\n\n\n<li><a href=\"https:\/\/paddys.de\/es\/alexa-oeffne-haustuer\/\" title=\"Alexa, abre la puerta principal.\">Nuki (cerradura de puerta)<\/a><\/li>\n\n\n\n<li>Nuestro \"Gagi\" llamado Paul (robot aspirador y fregona Deebot)<\/li>\n<\/ol>\n<\/li>\n\n\n\n<li>Cafetera<\/li>\n\n\n\n<li>Exprimidor<\/li>\n\n\n\n<li>Lavavajillas<\/li>\n\n\n\n<li><a href=\"https:\/\/paddys.de\/es\/drei-zwei-eins\/\" title=\"Tres. Dos. Uno.\">Frigor\u00edfico<\/a> <\/li>\n\n\n\n<li>Balc\u00f3n<\/li>\n\n\n\n<li>Tecnolog\u00eda \n<ol class=\"wp-block-list\">\n<li>Internet <\/li>\n\n\n\n<li>Videoconferencia<\/li>\n<\/ol>\n<\/li>\n\n\n\n<li>\u00bfD\u00f3nde encuentras qu\u00e9?<br><\/li>\n\n\n\n<li><a href=\"https:\/\/paddys.de\/es\/etz-hakts-aber\/\" title=\"Pero ahora es un problema.\">Para qu\u00e9 no se compraron mis pertenencias<\/a><\/li>\n<\/ol>\n<\/li>\n\n\n\n<li>Mis pensamientos sobre\n<ol class=\"wp-block-list\">\n<li><a href=\"https:\/\/paddys.de\/es\/das-prinzip-hoffnung\/\" title=\"El principio de la esperanza\">Esperanza<\/a><\/li>\n\n\n\n<li><a href=\"https:\/\/paddys.de\/es\/dein-koerper-eben-genau-nicht\/\" title=\"\u00bfTu cuerpo? Exactamente no.\">Usurpaci\u00f3n, aprovecharse de la posici\u00f3n<\/a><\/li>\n<\/ol>\n<\/li>\n\n\n\n<li>Cartas del m\u00e9dico<br><\/li>\n\n\n\n<li>Contactos importantes<br><\/li>\n\n\n\n<li>Cambiar el historial<br><\/li>\n\n\n\n<li>S\u00ed\/No Listas de control\n<ol class=\"wp-block-list\">\n<li>Cambia la mascarilla por una mascarilla boca-nariz<\/li>\n\n\n\n<li>Vete a dormir<\/li>\n\n\n\n<li>Plan de emergencia<\/li>\n<\/ol>\n<\/li>\n<\/ol>\n\n\n\n<div style=\"height:100px\" aria-hidden=\"true\" class=\"wp-block-spacer\"><\/div>\n\n\n\n<p><\/p>\n\n\n\n<p><\/p>\n\n\n\n<p><\/p>\n\n\n\n<p><\/p>\n\n\n\n<p><\/p>\n\n\n\n<p><\/p>","protected":false},"excerpt":{"rendered":"<p>\u00cdndice Todav\u00eda faltan muchos contenidos en la versi\u00f3n web. Estoy intentando colmar las lagunas r\u00e1pidamente.<\/p>","protected":false},"author":1,"featured_media":0,"parent":0,"menu_order":0,"comment_status":"closed","ping_status":"closed","template":"","meta":{"_acf_changed":false,"_lmt_disableupdate":"","_lmt_disable":"","_monsterinsights_skip_tracking":false,"_monsterinsights_sitenote_active":false,"_monsterinsights_sitenote_note":"","_monsterinsights_sitenote_category":0,"_uf_show_specific_survey":0,"_uf_disable_surveys":false,"footnotes":""},"class_list":["post-6303","page","type-page","status-publish","hentry"],"acf":[],"wps_subtitle":"","_links":{"self":[{"href":"https:\/\/paddys.de\/es\/wp-json\/wp\/v2\/pages\/6303","targetHints":{"allow":["GET"]}}],"collection":[{"href":"https:\/\/paddys.de\/es\/wp-json\/wp\/v2\/pages"}],"about":[{"href":"https:\/\/paddys.de\/es\/wp-json\/wp\/v2\/types\/page"}],"author":[{"embeddable":true,"href":"https:\/\/paddys.de\/es\/wp-json\/wp\/v2\/users\/1"}],"replies":[{"embeddable":true,"href":"https:\/\/paddys.de\/es\/wp-json\/wp\/v2\/comments?post=6303"}],"version-history":[{"count":66,"href":"https:\/\/paddys.de\/es\/wp-json\/wp\/v2\/pages\/6303\/revisions"}],"predecessor-version":[{"id":7611,"href":"https:\/\/paddys.de\/es\/wp-json\/wp\/v2\/pages\/6303\/revisions\/7611"}],"wp:attachment":[{"href":"https:\/\/paddys.de\/es\/wp-json\/wp\/v2\/media?parent=6303"}],"curies":[{"name":"wp","href":"https:\/\/api.w.org\/{rel}","templated":true}]}}