{"id":7,"date":"2022-08-30T14:44:06","date_gmt":"2022-08-30T12:44:06","guid":{"rendered":"https:\/\/paddys.de\/?page_id=7"},"modified":"2023-10-13T16:43:54","modified_gmt":"2023-10-13T14:43:54","slug":"kontakt","status":"publish","type":"page","link":"https:\/\/paddys.de\/es\/kontakt\/","title":{"rendered":"Ponte en contacto con"},"content":{"rendered":"<p>\u00bfTe gustar\u00eda estar en contacto conmigo? \u00bfTienes en mente proyectos interesantes en los que podr\u00edas utilizar el apoyo de un enfermo de ELA que, para disgusto de sus cuidadores, s\u00f3lo duerme 4,5 horas por noche y sigue despierto? Entonces escr\u00edbeme. Estoy deseando saber de ti.<\/p>\n\n\n\n<p><\/p>\n\n\n\n<div style=\"height:20px\" aria-hidden=\"true\" class=\"wp-block-spacer\"><\/div>\n\n\n\n<figure class=\"wp-block-image size-large\"><img loading=\"lazy\" decoding=\"async\" width=\"1024\" height=\"500\" src=\"https:\/\/paddys.de\/wp-content\/uploads\/2023\/10\/der-paddy-gruenwald-location-1024x500.webp\" alt=\"\" class=\"wp-image-9713\" srcset=\"https:\/\/paddys.de\/wp-content\/uploads\/2023\/10\/der-paddy-gruenwald-location-1024x500.webp 1024w, https:\/\/paddys.de\/wp-content\/uploads\/2023\/10\/der-paddy-gruenwald-location-300x147.webp 300w, https:\/\/paddys.de\/wp-content\/uploads\/2023\/10\/der-paddy-gruenwald-location-768x375.webp 768w, https:\/\/paddys.de\/wp-content\/uploads\/2023\/10\/der-paddy-gruenwald-location-1536x750.webp 1536w, https:\/\/paddys.de\/wp-content\/uploads\/2023\/10\/der-paddy-gruenwald-location-2048x1000.webp 2048w, https:\/\/paddys.de\/wp-content\/uploads\/2023\/10\/der-paddy-gruenwald-location-18x9.webp 18w, https:\/\/paddys.de\/wp-content\/uploads\/2023\/10\/der-paddy-gruenwald-location-1180x576.webp 1180w\" sizes=\"auto, (max-width: 1024px) 100vw, 1024px\" \/><\/figure>\n\n\n\n<p class=\"has-small-font-size\">Material cartogr\u00e1fico de <a href=\"https:\/\/openstreetmap.de\/karte\/#\" target=\"_blank\" rel=\"noopener nofollow\" title=\"\">OpenStreetMap<\/a><\/p>\n\n\n\n<div style=\"height:100px\" aria-hidden=\"true\" class=\"wp-block-spacer\"><\/div>\n\n\n\n<div class=\"wp-block-contact-form-7-contact-form-selector\">\n<div class=\"wpcf7 no-js\" id=\"wpcf7-f6-o1\" lang=\"en-US\" dir=\"ltr\" data-wpcf7-id=\"6\">\n<div class=\"screen-reader-response\"><p role=\"status\" aria-live=\"polite\" aria-atomic=\"true\"><\/p> <ul><\/ul><\/div>\n<form action=\"\/es\/wp-json\/wp\/v2\/pages\/7#wpcf7-f6-o1\" method=\"post\" class=\"wpcf7-form init\" aria-label=\"Contact form\" novalidate=\"novalidate\" data-status=\"init\" data-trp-original-action=\"\/es\/wp-json\/wp\/v2\/pages\/7#wpcf7-f6-o1\">\n<fieldset class=\"hidden-fields-container\"><input type=\"hidden\" name=\"_wpcf7\" value=\"6\" \/><input type=\"hidden\" name=\"_wpcf7_version\" value=\"6.1.5\" \/><input type=\"hidden\" name=\"_wpcf7_locale\" value=\"en_US\" \/><input type=\"hidden\" name=\"_wpcf7_unit_tag\" value=\"wpcf7-f6-o1\" \/><input type=\"hidden\" name=\"_wpcf7_container_post\" value=\"0\" \/><input type=\"hidden\" name=\"_wpcf7_posted_data_hash\" value=\"\" \/>\n<\/fieldset>\n<p><label> Tu nombre<br \/>\n<span class=\"wpcf7-form-control-wrap\" data-name=\"your-name\"><input size=\"40\" maxlength=\"400\" class=\"wpcf7-form-control wpcf7-text wpcf7-validates-as-required\" aria-required=\"true\" aria-invalid=\"false\" value=\"\" type=\"text\" name=\"your-name\" \/><\/span> <\/label>\n<\/p>\n<p><label> Tu direcci\u00f3n de correo electr\u00f3nico<br \/>\n<span class=\"wpcf7-form-control-wrap\" data-name=\"your-email\"><input size=\"40\" maxlength=\"400\" class=\"wpcf7-form-control wpcf7-email wpcf7-validates-as-required wpcf7-text wpcf7-validates-as-email\" aria-required=\"true\" aria-invalid=\"false\" value=\"\" type=\"email\" name=\"your-email\" \/><\/span> <\/label>\n<\/p>\n<p><label> Tema<br \/>\n<span class=\"wpcf7-form-control-wrap\" data-name=\"your-subject\"><input size=\"40\" maxlength=\"400\" class=\"wpcf7-form-control wpcf7-text wpcf7-validates-as-required\" aria-required=\"true\" aria-invalid=\"false\" value=\"\" type=\"text\" name=\"your-subject\" \/><\/span> <\/label>\n<\/p>\n<p><label> Tu mensaje para m\u00ed<br \/>\n<span class=\"wpcf7-form-control-wrap\" data-name=\"your-message\"><textarea cols=\"40\" rows=\"10\" maxlength=\"2000\" class=\"wpcf7-form-control wpcf7-textarea\" aria-invalid=\"false\" name=\"your-message\"><\/textarea><\/span> <\/label>\n<\/p>\n<p><div class=\"cf7-cf-turnstile\" style=\"margin-top: 0px; margin-bottom: -15px;\"> <div id=\"cf-turnstile-cf7-3859798380\" class=\"cf-turnstile\" data-callback=\"turnstileCF7Callback\" data-sitekey=\"0x4AAAAAAAH4VAQTjm6ACMDD\" data-theme=\"auto\" data-language=\"auto\" data-size=\"\" data-retry=\"auto\" data-retry-interval=\"1000\" data-refresh-expired=\"auto\" data-refresh-timeout=\"auto\" data-action=\"contact-form-7\" data-appearance=\"always\"><\/div> <style>.wpcf7-submit { pointer-events: none; opacity: 0.5; }<\/style> <script>document.addEventListener(\"DOMContentLoaded\", function() { setTimeout(function(){ var e=document.getElementById(\"cf-turnstile-cf7-3859798380\"); if(e&&!e.innerHTML.trim()){turnstile.render(e, {sitekey:\"0x4AAAAAAAH4VAQTjm6ACMDD\"});} }, 200); });<\/script> <br class=\"cf-turnstile-br cf-turnstile-br-cf7-3859798380\"> <style>#cf-turnstile-cf7-3859798380 { margin-left: -15px; }<\/style> <script>document.addEventListener(\"DOMContentLoaded\",function(){document.querySelectorAll('.wpcf7-form').forEach(function(e){e.addEventListener('submit',function(){if(document.getElementById('cf-turnstile-cf7-3859798380')){setTimeout(function(){turnstile.reset('#cf-turnstile-cf7-3859798380');},1000)}})})});<\/script> <\/div><br\/><input class=\"wpcf7-form-control wpcf7-submit has-spinner\" type=\"submit\" value=\"\u00a1Adelante!\" \/>\n<\/p><p style=\"display: none !important;\" class=\"akismet-fields-container\" data-prefix=\"_wpcf7_ak_\"><label>\u0394<textarea name=\"_wpcf7_ak_hp_textarea\" cols=\"45\" rows=\"8\" maxlength=\"100\"><\/textarea><\/label><input type=\"hidden\" id=\"ak_js_1\" name=\"_wpcf7_ak_js\" value=\"1\"\/><script>document.getElementById( \"ak_js_1\" ).setAttribute( \"value\", ( new Date() ).getTime() );<\/script><\/p><div class=\"wpcf7-response-output\" aria-hidden=\"true\"><\/div>\n<input type=\"hidden\" name=\"trp-form-language\" value=\"es\"\/><\/form>\n<\/div>\n<\/div>","protected":false},"excerpt":{"rendered":"<p>Du m\u00f6chtest mit mir in Kontakt bleiben? Hast vielleicht interessante Projekte am Start, bei denen du Unterst\u00fctzung von einem ALSler, der zum Leidwesen seiner Pfleger nur 4,5 Stunden pro Nacht schl\u00e4ft und munter ist, gut gebrauchen k\u00f6nntest? Dann schreib mir. Ich freue mich auf dich. Kartenmaterial von OpenStreetMap<\/p>","protected":false},"author":1,"featured_media":0,"parent":0,"menu_order":0,"comment_status":"closed","ping_status":"closed","template":"","meta":{"_acf_changed":false,"_lmt_disableupdate":"","_lmt_disable":"","_monsterinsights_skip_tracking":false,"_monsterinsights_sitenote_active":false,"_monsterinsights_sitenote_note":"","_monsterinsights_sitenote_category":0,"_uf_show_specific_survey":0,"_uf_disable_surveys":false,"footnotes":""},"class_list":["post-7","page","type-page","status-publish","hentry"],"acf":[],"wps_subtitle":"","_links":{"self":[{"href":"https:\/\/paddys.de\/es\/wp-json\/wp\/v2\/pages\/7","targetHints":{"allow":["GET"]}}],"collection":[{"href":"https:\/\/paddys.de\/es\/wp-json\/wp\/v2\/pages"}],"about":[{"href":"https:\/\/paddys.de\/es\/wp-json\/wp\/v2\/types\/page"}],"author":[{"embeddable":true,"href":"https:\/\/paddys.de\/es\/wp-json\/wp\/v2\/users\/1"}],"replies":[{"embeddable":true,"href":"https:\/\/paddys.de\/es\/wp-json\/wp\/v2\/comments?post=7"}],"version-history":[{"count":13,"href":"https:\/\/paddys.de\/es\/wp-json\/wp\/v2\/pages\/7\/revisions"}],"predecessor-version":[{"id":9716,"href":"https:\/\/paddys.de\/es\/wp-json\/wp\/v2\/pages\/7\/revisions\/9716"}],"wp:attachment":[{"href":"https:\/\/paddys.de\/es\/wp-json\/wp\/v2\/media?parent=7"}],"curies":[{"name":"wp","href":"https:\/\/api.w.org\/{rel}","templated":true}]}}