{"id":7300,"date":"2023-06-02T17:05:41","date_gmt":"2023-06-02T15:05:41","guid":{"rendered":"https:\/\/paddys.de\/kontodaten\/pakete\/"},"modified":"2023-06-04T01:04:28","modified_gmt":"2023-06-03T23:04:28","slug":"pakete","status":"publish","type":"page","link":"https:\/\/paddys.de\/es\/kontodaten\/pakete\/","title":{"rendered":"Paquetes"},"content":{"rendered":"<p>[pmpro_levels]<\/p>\n\n\n<div style=\"height:40px\" aria-hidden=\"true\" class=\"wp-block-spacer\"><\/div>\n\n\n\n<h2 class=\"wp-block-heading\"><span class=\"ez-toc-section\" id=\"Wozu_der_Aufwand\"><\/span>Wozu der Aufwand?<span class=\"ez-toc-section-end\"><\/span><\/h2>\n\n\n\n<p>Wer schon einmal einen Mitgliederbereich mit Option der Spendenleistung per Kreditkarte gebaut hat wei\u00df, dass das nicht mal eben nebenbei in ein, zwei Stunden gemacht ist. Danach will erst noch alles getestet werden und wenn man so eine liebe Schwester hat wie ich, dann findet die jeden Fehler auf der Seite. Also was soll das? Zwei Gr\u00fcnde. Bis jetzt. Wer wei\u00df, was mir noch so alles einf\u00e4llt. Huch, sind ja schon drei Gr\u00fcnde.<\/p>\n\n\n\n<div style=\"height:40px\" aria-hidden=\"true\" class=\"wp-block-spacer\"><\/div>\n\n\n\n<h3 class=\"wp-block-heading\"><span class=\"ez-toc-section\" id=\"Family_only\"><\/span>Family only<span class=\"ez-toc-section-end\"><\/span><\/h3>\n\n\n\n<p>Es gibt ein paar Dinge, die sind Familiensache. Die h\u00e4tte ich fr\u00fcher wahrscheinlich auf Facebook eingestellt. Das ist aber mittlerweile ein unkontrollierbarer Irrl\u00e4ufer. Ich habe viel zu viele Kontakte, mit denen meine Verbindung viel zu lose ist, als dass ich private Inhalte meiner Familie teilen wollte.<\/p>\n\n\n\n<p><\/p>\n\n\n\n<div style=\"height:40px\" aria-hidden=\"true\" class=\"wp-block-spacer\"><\/div>\n\n\n\n<h3 class=\"wp-block-heading\"><span class=\"ez-toc-section\" id=\"Follower\"><\/span>Follower<span class=\"ez-toc-section-end\"><\/span><\/h3>\n\n\n\n<p>Manche Dinge geh\u00f6ren auch einfach nicht ins Netz. Freilich kann ich meinen Namen \u00fcberall schw\u00e4rzen, aber mein Name steht im Impressum und wie es der Gesetzgeber verlangt, steht mein Geburtstag f\u00fcr jedermann kostenlos und \u00f6ffentlich einsehbar im Handelsregister. Und gar so leicht will ich es wirklich nicht machen, meine Identit\u00e4t zu klauen.<\/p>\n\n\n\n<div style=\"height:40px\" aria-hidden=\"true\" class=\"wp-block-spacer\"><\/div>\n\n\n\n<h3 class=\"wp-block-heading\"><span class=\"ez-toc-section\" id=\"Contributor\"><\/span>Contributor <span class=\"ez-toc-section-end\"><\/span><\/h3>\n\n\n\n<p>Jeder kann einen Beitrag zum Artenschutz leisten. Es muss ja nicht gleich jeder wie ich vegan leben und jedes Jahr in Geothermiekraftwerke in Indien oder Solarkocher f\u00fcr Afrika investieren, um seinen \u00f6kologischen Fu\u00dfabruck zu kompensieren.<\/p>\n\n\n\n<p>Aber Hand aufs Herz, kennst du irgend jemanden, dem es das Ganick brechen w\u00fcrde, monatlich 1,- \u20ac in den Artenschutz zu investieren? Nein, ich auch nicht. <\/p>\n\n\n\n<p>Tut es dir weh, mir jeden Monat 1,- \u20ac zu geben, damit ich mich viele Stunden meines Lebens investiere, um M\u00f6glichkeiten zu recherchieren, nach Informationen \u00fcber die von mir ausgew\u00e4hlten Programme zu graben &#8211; was ich f\u00fcr mich ja ohnehin tue &#8211; und ich deinen Euro dort investiere, wo ich es f\u00fcr glaubw\u00fcrdig gut angelegt halte? Dort, wo ich wohl dieses Jahr wieder eine ordentliche vierstellige Summe ausgeben werde. Weil ich dazu stehe, was ich sage.<\/p>\n\n\n\n<div style=\"height:40px\" aria-hidden=\"true\" class=\"wp-block-spacer\"><\/div>\n","protected":false},"excerpt":{"rendered":"<p>[pmpro_levels] Wozu der Aufwand? Wer schon einmal einen Mitgliederbereich mit Option der Spendenleistung per Kreditkarte gebaut hat wei\u00df, dass das nicht mal eben nebenbei in ein, zwei Stunden gemacht ist. Danach will erst noch alles getestet werden und wenn man so eine liebe Schwester hat wie ich, dann findet die jeden Fehler auf der Seite. Also was soll das? Zwei Gr\u00fcnde. Bis jetzt. Wer wei\u00df, was mir noch so alles einf\u00e4llt. Huch, sind ja schon drei Gr\u00fcnde. Family only Es gibt ein paar Dinge, die sind Familiensache. Die h\u00e4tte ich fr\u00fcher wahrscheinlich auf Facebook eingestellt. Das ist aber mittlerweile ein&#8230;<\/p>\n","protected":false},"author":1,"featured_media":0,"parent":7293,"menu_order":0,"comment_status":"closed","ping_status":"closed","template":"","meta":{"_acf_changed":false,"_lmt_disableupdate":"","_lmt_disable":"","_monsterinsights_skip_tracking":false,"_monsterinsights_sitenote_active":false,"_monsterinsights_sitenote_note":"","_monsterinsights_sitenote_category":0,"_uf_show_specific_survey":0,"_uf_disable_surveys":false,"footnotes":""},"class_list":["post-7300","page","type-page","status-publish","hentry"],"acf":[],"wps_subtitle":"","_links":{"self":[{"href":"https:\/\/paddys.de\/es\/wp-json\/wp\/v2\/pages\/7300","targetHints":{"allow":["GET"]}}],"collection":[{"href":"https:\/\/paddys.de\/es\/wp-json\/wp\/v2\/pages"}],"about":[{"href":"https:\/\/paddys.de\/es\/wp-json\/wp\/v2\/types\/page"}],"author":[{"embeddable":true,"href":"https:\/\/paddys.de\/es\/wp-json\/wp\/v2\/users\/1"}],"replies":[{"embeddable":true,"href":"https:\/\/paddys.de\/es\/wp-json\/wp\/v2\/comments?post=7300"}],"version-history":[{"count":1,"href":"https:\/\/paddys.de\/es\/wp-json\/wp\/v2\/pages\/7300\/revisions"}],"predecessor-version":[{"id":7315,"href":"https:\/\/paddys.de\/es\/wp-json\/wp\/v2\/pages\/7300\/revisions\/7315"}],"up":[{"embeddable":true,"href":"https:\/\/paddys.de\/es\/wp-json\/wp\/v2\/pages\/7293"}],"wp:attachment":[{"href":"https:\/\/paddys.de\/es\/wp-json\/wp\/v2\/media?parent=7300"}],"curies":[{"name":"wp","href":"https:\/\/api.w.org\/{rel}","templated":true}]}}