{"id":7350,"date":"2023-06-05T14:08:09","date_gmt":"2023-06-05T12:08:09","guid":{"rendered":"https:\/\/paddys.de\/registrieren\/"},"modified":"2023-08-05T17:15:27","modified_gmt":"2023-08-05T15:15:27","slug":"registrieren","status":"publish","type":"page","link":"https:\/\/paddys.de\/es\/registrieren\/","title":{"rendered":"Comunidad"},"content":{"rendered":"<p>Si ya te has registrado y ves esta p\u00e1gina, inicia sesi\u00f3n <a href=\"https:\/\/paddys.de\/es\/anmelden\/\" title=\"Iniciar sesi\u00f3n\">aqu\u00ed <\/a>an.<\/p>\n\n\n\n<p>Cualquiera que haya creado alguna vez un \u00e1rea de miembros con la opci\u00f3n de hacer donativos con tarjeta de cr\u00e9dito sabe que no es algo que pueda hacerse en una o dos horas. Despu\u00e9s hay que probarlo todo y, si tienes una hermana querida como yo, encontrar\u00e1 todos los errores de la p\u00e1gina. Entonces, \u00bfqu\u00e9 sentido tiene? Por dos razones. Hasta ahora. Qui\u00e9n sabe qu\u00e9 m\u00e1s se me ocurrir\u00e1. Uy, ya son tres razones.<\/p>\n\n\n\n<p>Pido disculpas por los malos efectos visuales y la mezcla de alem\u00e1n e ingl\u00e9s, pero las funciones son mi prioridad en este momento. En cuanto todo funcione como quiero, lo visual vendr\u00e1 despu\u00e9s.<\/p>\n\n\n\n<div style=\"height:40px\" aria-hidden=\"true\" class=\"wp-block-spacer\"><\/div>\n\n\n\n<h3 class=\"rcp_header\">\n\tRegister New Account<\/h3>\n\n\n<form id=\"rcp_registration_form\" class=\"rcp_form\" method=\"POST\" action=\"https:\/\/paddys.de\/es\/wp-json\/wp\/v2\/pages\/7350\/\" data-trp-original-action=\"https:\/\/paddys.de\/es\/wp-json\/wp\/v2\/pages\/7350\/\">\n\n\t\n\t\t\t<div class=\"rcp_login_link\">\n\t\t\t<p><a href=\"https:\/\/paddys.de\/wp-login.php?redirect_to=https%3A%2F%2Fpaddys.de%2Fes%2Fwp-json%2Fwp%2Fv2%2Fpages%2F7350%2F\">Log in<\/a> to renew or change an existing membership.<\/p>\n\t\t<\/div>\n\n\t\t\n\t\t<fieldset class=\"rcp_user_fieldset\">\n\t\t\t<p id=\"rcp_user_login_wrap\">\n\t\t\t\t<label for=\"rcp_user_login\">Username<\/label>\n\t\t\t\t<input name=\"rcp_user_login\" id=\"rcp_user_login\" class=\"required\" type=\"text\" \/>\n\t\t\t<\/p>\n\t\t\t<p id=\"rcp_user_email_wrap\">\n\t\t\t\t<label for=\"rcp_user_email\">Email<\/label>\n\t\t\t\t<input name=\"rcp_user_email\" id=\"rcp_user_email\" class=\"required\" type=\"text\" \/>\n\t\t\t<\/p>\n\t\t\t<p id=\"rcp_user_first_wrap\" class=\"inline\">\n\t\t\t\t<label for=\"rcp_user_first\">First Name<\/label>\n\t\t\t\t<input name=\"rcp_user_first\" id=\"rcp_user_first\" type=\"text\" \/>\n\t\t\t<\/p>\n\t\t\t<p id=\"rcp_user_last_wrap\" class=\"inline-block\">\n\t\t\t\t<label for=\"rcp_user_last\">Last Name<\/label>\n\t\t\t\t<input name=\"rcp_user_last\" id=\"rcp_user_last\" type=\"text\" \/>\n\t\t\t<\/p>\n\t\t\t<p id=\"rcp_password_wrap\" class=\"inline\">\n\t\t\t\t<label for=\"rcp_password\">Password<\/label>\n\t\t\t\t<input name=\"rcp_user_pass\" id=\"rcp_password\" class=\"required\" type=\"password\"\/>\n\t\t\t<\/p>\n\t\t\t<p id=\"rcp_password_again_wrap\" class=\"inline-block\">\n\t\t\t\t<label for=\"rcp_password_again\">Password Again<\/label>\n\t\t\t\t<input name=\"rcp_user_pass_confirm\" id=\"rcp_password_again\" class=\"required\" type=\"password\"\/>\n\t\t\t<\/p>\n\n\t\t\t\n\t\t<\/fieldset>\n\t\n\t\n\t\t\t\t<fieldset class=\"rcp_subscription_fieldset\">\n\t\t\t\t\t\t\t\t\t<p class=\"rcp_subscription_message\">Choose your membership level<\/p>\n\t\t\t\t\t\t<ul id=\"rcp_subscription_levels\">\n\t\t\t\t\t\t\t\t\t\t\t\t\t\t<li class=\"rcp_subscription_level rcp_subscription_level_1\">\n\t\t\t\t\t\t<input type=\"radio\" id=\"rcp_subscription_level_1\" class=\"required rcp_level\" checked=\"checked\" name=\"rcp_level\" rel=\"240\" value=\"1\" \/>\n\t\t\t\t\t\t<label for=\"rcp_subscription_level_1\">\n\t\t\t\t\t\t\t<span class=\"rcp_subscription_level_name\">S\u00f3lo para familias<\/span><span class=\"rcp_separator\">&nbsp;-&nbsp;<\/span><span class=\"rcp_price\" rel=\"240\">&#8364;240,00<\/span><span class=\"rcp_separator\">&nbsp;-&nbsp;<\/span>\n\t\t\t\t\t\t\t<span class=\"rcp_level_duration\">1&nbsp;Year<\/span>\n\t\t\t\t\t\t\t\t\t\t\t\t\t\t<div class=\"rcp_level_description\"> Hay algunas cosas que son asunto familiar. En el pasado, probablemente las habr\u00eda puesto en Facebook. Pero eso se ha convertido en una aberraci\u00f3n incontrolable. Tengo demasiados contactos con los que mi conexi\u00f3n es demasiado laxa como para querer compartir contenido privado de mi familia<\/div>\n\t\t\t\t\t\t<\/label>\n\t\t\t\t\t<\/li>\n\t\t\t\t\t\t\t\t\t\t\t\t\t\t\t\t\t\t\t<li class=\"rcp_subscription_level rcp_subscription_level_2\">\n\t\t\t\t\t\t<input type=\"radio\" id=\"rcp_subscription_level_2\" class=\"required rcp_level\"  name=\"rcp_level\" rel=\"0\" value=\"2\" data-duration=\"forever\"\/>\n\t\t\t\t\t\t<label for=\"rcp_subscription_level_2\">\n\t\t\t\t\t\t\t<span class=\"rcp_subscription_level_name\">Seguidores<\/span><span class=\"rcp_separator\">&nbsp;-&nbsp;<\/span><span class=\"rcp_price\" rel=\"0\">free<\/span><span class=\"rcp_separator\">&nbsp;-&nbsp;<\/span>\n\t\t\t\t\t\t\t<span class=\"rcp_level_duration\">unlimited<\/span>\n\t\t\t\t\t\t\t\t\t\t\t\t\t\t<div class=\"rcp_level_description\"> Algunas cosas simplemente no pertenecen a la web. Por supuesto, puedo tachar mi nombre en todas partes, pero mi nombre est\u00e1 en el pie de imprenta y, como exige la ley, mi fecha de nacimiento est\u00e1 en el registro comercial para que todo el mundo pueda verla, de forma gratuita y p\u00fablica. Y no quiero que sea tan f\u00e1cil robarme la identidad.<\/div>\n\t\t\t\t\t\t<\/label>\n\t\t\t\t\t<\/li>\n\t\t\t\t\t\t\t\t\t\t\t\t\t\t\t\t\t\t\t<li class=\"rcp_subscription_level rcp_subscription_level_3\">\n\t\t\t\t\t\t<input type=\"radio\" id=\"rcp_subscription_level_3\" class=\"required rcp_level\"  name=\"rcp_level\" rel=\"12\" value=\"3\" \/>\n\t\t\t\t\t\t<label for=\"rcp_subscription_level_3\">\n\t\t\t\t\t\t\t<span class=\"rcp_subscription_level_name\">Colaborador<\/span><span class=\"rcp_separator\">&nbsp;-&nbsp;<\/span><span class=\"rcp_price\" rel=\"12\">&#8364;12,00<\/span><span class=\"rcp_separator\">&nbsp;-&nbsp;<\/span>\n\t\t\t\t\t\t\t<span class=\"rcp_level_duration\">1&nbsp;Year<\/span>\n\t\t\t\t\t\t\t\t\t\t\t\t\t\t<div class=\"rcp_level_description\"> Todo el mundo puede contribuir a la protecci\u00f3n de las especies. No todo el mundo tiene que vivir de forma vegana como yo e invertir cada a\u00f1o en centrales geot\u00e9rmicas en India o cocinas solares para \u00c1frica para compensar su huella ecol\u00f3gica.\r\n\r\nPero, con la mano en el coraz\u00f3n, \u00bfconoces a alguien que se romper\u00eda el ganick para invertir 1 euro al mes en la conservaci\u00f3n de las especies? No, yo tampoco.\r\n\r\n\u00bfTe duele darme 1,- \u20ac cada mes para que invierta muchas horas de mi vida investigando posibilidades, rebuscando informaci\u00f3n sobre los programas que elijo -que de todos modos hago por m\u00ed mismo- e invierta tu euro donde creo que est\u00e1 cre\u00edblemente bien gastado? All\u00ed, donde probablemente volver\u00e9 a gastar una buena suma de cuatro cifras este a\u00f1o. Porque me atengo a lo que digo.<\/div>\n\t\t\t\t\t\t<\/label>\n\t\t\t\t\t<\/li>\n\t\t\t\t\t\t\t\t\t\t\t\t<\/ul>\n\t\t\t\t<\/fieldset>\n\t\t<div class=\"rcp_registration_total\"><\/div>\n\t\t\t<div class=\"rcp_gateway_fields\">\n\t\t\t\t\t\t\t<fieldset class=\"rcp_gateways_fieldset\">\n\t\t\t\t\t<legend>Choose Your Payment Method<\/legend>\n\t\t\t\t\t<p id=\"rcp_payment_gateways\">\n\t\t\t\t\t\t\t\t\t\t\t\t\t<label for=\"rcp_gateway_manual\" class=\"rcp_gateway_option_label\">\n\t\t\t\t\t\t\t\t<input id=\"rcp_gateway_manual\" name=\"rcp_gateway\" type=\"radio\" class=\"rcp_gateway_option_input\" value=\"manual\" data-supports-recurring=\"no\" data-supports-trial=\"no\"  checked='checked'>\n\t\t\t\t\t\t\t\tManual Payment\t\t\t\t\t\t\t<\/label>\n\t\t\t\t\t\t\t\t\t\t\t\t\t<label for=\"rcp_gateway_stripe\" class=\"rcp_gateway_option_label\">\n\t\t\t\t\t\t\t\t<input id=\"rcp_gateway_stripe\" name=\"rcp_gateway\" type=\"radio\" class=\"rcp_gateway_option_input\" value=\"stripe\" data-supports-recurring=\"yes\" data-supports-trial=\"yes\" >\n\t\t\t\t\t\t\t\tCredit \/ Debit Card\t\t\t\t\t\t\t<\/label>\n\t\t\t\t\t\t\t\t\t\t\t<\/p>\n\t\t\t\t<\/fieldset>\n\t\t\t\t\t<\/div>\n\t\n\t\n\t\t\t<fieldset class=\"rcp_agree_to_privacy_policy_fieldset\">\n\t\t\t<p id=\"rcp_agree_to_privacy_policy_wrap\">\n\t\t\t\t<input type=\"checkbox\" id=\"rcp_agree_to_privacy_policy\" name=\"rcp_agree_to_privacy_policy\" value=\"1\">\n\t\t\t\t<label for=\"rcp_agree_to_privacy_policy\">\n\t\t\t\t\t<a href=\"https:\/\/paddys.de\/es\/datenschutzerklaerung\/\" target=\"_blank\">He comprendido el acuerdo de privacidad.<\/a>\t\t\t\t<\/label>\n\t\t\t<\/p>\n\t\t<\/fieldset>\n\t\n\t\t\t<p id=\"rcp_auto_renew_wrap\">\n\t\t\t<input name=\"rcp_auto_renew\" id=\"rcp_auto_renew\" type=\"checkbox\" checked=\"checked\"\/>\n\t\t\t<label for=\"rcp_auto_renew\">Auto Renew<\/label>\n\t\t<\/p>\n\t\t<input type=\"hidden\" id=\"rcp-registration-type\" name=\"registration_type\" value=\"\" \/>\n\t<input type=\"hidden\" id=\"rcp-membership-id\" name=\"membership_id\" value=\"0\" \/>\n\t<input type=\"hidden\" id=\"rcp-payment-id\" name=\"rcp_registration_payment_id\" value=\"0\" \/>\n\t\n\t\n\t<p id=\"rcp_submit_wrap\">\n\t\t\t\t<input type=\"hidden\" name=\"rcp_register_nonce\" value=\"c56ad2d11e\"\/>\n\t\t<input type=\"submit\" name=\"rcp_submit_registration\" id=\"rcp_submit\" class=\"rcp-button\" value=\"Registro\"\/>\n\t<\/p>\n<input type=\"hidden\" name=\"trp-form-language\" value=\"es\"\/><\/form>","protected":false},"excerpt":{"rendered":"<p>Falls du dich bereits registriert hast und diese Seite siehst, melde dich bitte hier an. Wer schon einmal einen Mitgliederbereich mit Option der Spendenleistung per Kreditkarte gebaut hat wei\u00df, dass das nicht mal eben nebenbei in ein, zwei Stunden gemacht ist. Danach will erst noch alles getestet werden und wenn man so eine liebe Schwester hat wie ich, dann findet die jeden Fehler auf der Seite. Also was soll das? Zwei Gr\u00fcnde. Bis jetzt. Wer wei\u00df, was mir noch so alles einf\u00e4llt. Huch, sind ja schon drei Gr\u00fcnde. Entschuldige die schlimme Optik und das Kuddelmuddel aus deutsch und englisch, das&#8230;<\/p>","protected":false},"author":1,"featured_media":0,"parent":0,"menu_order":0,"comment_status":"closed","ping_status":"closed","template":"","meta":{"_acf_changed":false,"_lmt_disableupdate":"","_lmt_disable":"","_monsterinsights_skip_tracking":false,"_monsterinsights_sitenote_active":false,"_monsterinsights_sitenote_note":"","_monsterinsights_sitenote_category":0,"_uf_show_specific_survey":0,"_uf_disable_surveys":false,"footnotes":""},"class_list":["post-7350","page","type-page","status-publish","hentry"],"acf":[],"wps_subtitle":"","_links":{"self":[{"href":"https:\/\/paddys.de\/es\/wp-json\/wp\/v2\/pages\/7350","targetHints":{"allow":["GET"]}}],"collection":[{"href":"https:\/\/paddys.de\/es\/wp-json\/wp\/v2\/pages"}],"about":[{"href":"https:\/\/paddys.de\/es\/wp-json\/wp\/v2\/types\/page"}],"author":[{"embeddable":true,"href":"https:\/\/paddys.de\/es\/wp-json\/wp\/v2\/users\/1"}],"replies":[{"embeddable":true,"href":"https:\/\/paddys.de\/es\/wp-json\/wp\/v2\/comments?post=7350"}],"version-history":[{"count":4,"href":"https:\/\/paddys.de\/es\/wp-json\/wp\/v2\/pages\/7350\/revisions"}],"predecessor-version":[{"id":8477,"href":"https:\/\/paddys.de\/es\/wp-json\/wp\/v2\/pages\/7350\/revisions\/8477"}],"wp:attachment":[{"href":"https:\/\/paddys.de\/es\/wp-json\/wp\/v2\/media?parent=7350"}],"curies":[{"name":"wp","href":"https:\/\/api.w.org\/{rel}","templated":true}]}}