{"id":10893,"date":"2024-04-25T00:31:57","date_gmt":"2024-04-24T22:31:57","guid":{"rendered":"https:\/\/paddys.de\/?page_id=10893"},"modified":"2024-04-25T01:59:56","modified_gmt":"2024-04-24T23:59:56","slug":"radio","status":"publish","type":"page","link":"https:\/\/paddys.de\/fr\/radio\/","title":{"rendered":"Radio"},"content":{"rendered":"<p>De la musique fascinante et \u00e9mouvante sans interruption pour les audiophiles 24h\/24 et 7j\/7 dans ma playlist Spotify, qui fournit environ 10 jours de musique d'ambiance agr\u00e9ablement vari\u00e9e, de l'\u00e9lectro au piano.<\/p>\n\n\n\n<p>Klicke weiter unten auf \u201eInhalte von Spotify laden\u201c, um meine Playlist von Spotify zu laden. Warum der extra Button? Na weil wir Europ\u00e4er sind. Wir m\u00f6gen den Rest der Welt nicht, der erfolgreiche moderne Plattformen wie Spotify, YouTube, Facebook oder LinkedIn auf die Beine stellt. Wir bleiben lieber bei unserer kleinkarierten Denkweise aus dem 19. Jahrhundert und wundern uns, wieso es kein einziges derartiges Unternehmen aus Europa gibt. Nutzen wollen wir es nat\u00fcrlich schon. Aber wehe jemand leitet unsere IP Adresse weiter oder setzt ein Cookie. Der wird gleich verklagt. Mit Erfolg. Wir sind schlie\u00dflich in Europa. <\/p>\n\n\n\n<p>Donc si tu ne veux pas que Spotify obtienne tes donn\u00e9es, ne clique pas sur le bouton.<\/p>\n\n\n\n<p>Pour les plus d\u00e9munis : <a href=\"https:\/\/www.google.com\/url?sa=t&source=web&rct=j&opi=89978449&url=https:\/\/www.spotify.com\/de\/legal\/privacy-policy\/&ved=2ahUKEwjawfug_NuFAxV3Q_EDHYfeD08QFnoECB8QAQ&usg=AOvVaw0syOqayz0XGnFpmrn1F-Rk\">Politique de confidentialit\u00e9 de Spotify<\/a><\/p>\n\n\n\n<p>Pour tous les autres : il y a en haut du menu un <strong>\ud83d\udd08 La radio <\/strong>Lien qui te permettra de revenir ici \u00e0 tout moment.<\/p>\n\n\n\n<div style=\"height:100px\" aria-hidden=\"true\" class=\"wp-block-spacer\"><\/div>\n\n\n\n<figure class=\"wp-block-embed is-type-rich is-provider-spotify wp-block-embed-spotify wp-embed-aspect-21-9 wp-has-aspect-ratio\"><div class=\"wp-block-embed__wrapper\">\n<iframe title=\"Embedded Spotify : La radio de Paddy&amp;apos;s\" style=\"border-radius: 12px\" width=\"100%\" height=\"352\" frameborder=\"0\" allowfullscreen allow=\"autoplay; clipboard-write; encrypted-media; fullscreen; picture-in-picture\" loading=\"lazy\" src=\"https:\/\/open.spotify.com\/embed\/playlist\/5KVpyPUQAhU3nvFQFWczu9?si=9987578e5a1c4cb3&pt=81e7e9f584f61c203587e54fe8a593ed&utm_source=oembed\"><\/iframe>\n<\/div><\/figure>\n\n\n\n<div style=\"height:100px\" aria-hidden=\"true\" class=\"wp-block-spacer\"><\/div>","protected":false},"excerpt":{"rendered":"<p>Pausenlos faszinierend bewegende Musik f\u00fcr 24\/7 Audiophile in meiner Spotify Playlist, die etwa 10 Tage lang angenehm abwechslungsreiche Ambient Music von Electro bis Piano liefert. Klicke weiter unten auf \u201eInhalte von Spotify laden\u201c, um meine Playlist von Spotify zu laden. Warum der extra Button? Na weil wir Europ\u00e4er sind. Wir m\u00f6gen den Rest der Welt nicht, der erfolgreiche moderne Plattformen wie Spotify, YouTube, Facebook oder LinkedIn auf die Beine stellt. Wir bleiben lieber bei unserer kleinkarierten Denkweise aus dem 19. Jahrhundert und wundern uns, wieso es kein einziges derartiges Unternehmen aus Europa gibt. Nutzen wollen wir es nat\u00fcrlich schon. Aber&#8230;<\/p>","protected":false},"author":1,"featured_media":10896,"parent":0,"menu_order":0,"comment_status":"closed","ping_status":"closed","template":"","meta":{"_acf_changed":false,"_lmt_disableupdate":"","_lmt_disable":"","_monsterinsights_skip_tracking":false,"_monsterinsights_sitenote_active":false,"_monsterinsights_sitenote_note":"","_monsterinsights_sitenote_category":0,"_uf_show_specific_survey":0,"_uf_disable_surveys":false,"footnotes":""},"class_list":["post-10893","page","type-page","status-publish","has-post-thumbnail","hentry"],"acf":[],"wps_subtitle":"","_links":{"self":[{"href":"https:\/\/paddys.de\/fr\/wp-json\/wp\/v2\/pages\/10893","targetHints":{"allow":["GET"]}}],"collection":[{"href":"https:\/\/paddys.de\/fr\/wp-json\/wp\/v2\/pages"}],"about":[{"href":"https:\/\/paddys.de\/fr\/wp-json\/wp\/v2\/types\/page"}],"author":[{"embeddable":true,"href":"https:\/\/paddys.de\/fr\/wp-json\/wp\/v2\/users\/1"}],"replies":[{"embeddable":true,"href":"https:\/\/paddys.de\/fr\/wp-json\/wp\/v2\/comments?post=10893"}],"version-history":[{"count":8,"href":"https:\/\/paddys.de\/fr\/wp-json\/wp\/v2\/pages\/10893\/revisions"}],"predecessor-version":[{"id":10911,"href":"https:\/\/paddys.de\/fr\/wp-json\/wp\/v2\/pages\/10893\/revisions\/10911"}],"wp:featuredmedia":[{"embeddable":true,"href":"https:\/\/paddys.de\/fr\/wp-json\/wp\/v2\/media\/10896"}],"wp:attachment":[{"href":"https:\/\/paddys.de\/fr\/wp-json\/wp\/v2\/media?parent=10893"}],"curies":[{"name":"wp","href":"https:\/\/api.w.org\/{rel}","templated":true}]}}