{"id":3995,"date":"2022-09-01T00:02:34","date_gmt":"2022-08-31T22:02:34","guid":{"rendered":"https:\/\/paddys.de\/?page_id=3995"},"modified":"2022-09-23T09:28:50","modified_gmt":"2022-09-23T07:28:50","slug":"der-paddy","status":"publish","type":"page","link":"https:\/\/paddys.de\/fr\/der-paddy\/","title":{"rendered":"Le Paddy"},"content":{"rendered":"<blockquote class=\"wp-block-quote is-layout-flow wp-block-quote-is-layout-flow\"><p>\"Le meilleur patient ALS du monde\"<\/p><cite>Le malade imaginaire, page 1, P. Ruppelt 2022<\/cite><\/blockquote>\n\n\n\n<p><\/p>\n\n\n\n<h2 class=\"wp-block-heading\"><span class=\"ez-toc-section\" id=\"Diagnose\"><\/span>Diagnostic<span class=\"ez-toc-section-end\"><\/span><\/h2>\n\n\n\n<p>Premiers sympt\u00f4mes en ao\u00fbt 2017 : tr\u00e9buchements fr\u00e9quents en faisant du jogging en for\u00eat, puis crampes nocturnes dans les mollets et fasciculations. S'ensuivent six mois de visites m\u00e9dicales inutiles (\"tu es en parfaite sant\u00e9\"), jusqu'\u00e0 ce que je me rende moi-m\u00eame \u00e0 Gro\u00dfhadern en mars 2018. R\u00e9sultat apr\u00e8s sept jours d'hospitalisation en neurologie : scl\u00e9rose lat\u00e9rale amyotrophique (SLA). Aujourd'hui : niveau de soins 5, GdB 90%, t\u00e9trapar\u00e9sie, poumon 0%<\/p>\n\n\n\n<h2 class=\"wp-block-heading\"><span class=\"ez-toc-section\" id=\"Behandlungen\"><\/span>Traitements<span class=\"ez-toc-section-end\"><\/span><\/h2>\n\n\n\n<ul class=\"wp-block-list\"><li>Suivi de l'\u00e9volution \u00e0 l'Institut Friedrich Baur<\/li><li>Neuro-physioth\u00e9rapie<\/li><li>Logop\u00e9die<\/li><li>Visite du m\u00e9decin de famille<\/li><li>Visite de l'ORL<\/li><\/ul>\n\n\n\n<h2 class=\"wp-block-heading\"><span class=\"ez-toc-section\" id=\"Hilfsmittel\"><\/span>Moyens d'aide<span class=\"ez-toc-section-end\"><\/span><\/h2>\n\n\n\n<ul class=\"wp-block-list\"><li>Fauteuil roulant actif<\/li><li>Fauteuil roulant en carbone<\/li><li>Fauteuil roulant \u00e9lectrique<\/li><li>3x l\u00e8ve-personnes plafonniers avec moteur de traction dans la salle de bain<\/li><li>Chambre et salon<\/li><li>El\u00e9vateur de baignoire<\/li><li>dans la cage d'escalier Plate-forme \u00e9l\u00e9vatrice<\/li><li>Lit de soins<\/li><li>Matelas de positionnement souple anti-escarres<\/li><li><a href=\"https:\/\/paddys.de\/fr\/augensteuerung\/\" title=\"Contr\u00f4le des yeux\">Commande oculaire pour PC Tobii Dynavox PCEye et Communicator sur Surface Pro 8<\/a><\/li><\/ul>\n\n\n\n<h2 class=\"wp-block-heading\"><span class=\"ez-toc-section\" id=\"Gerate\"><\/span>Appareils<span class=\"ez-toc-section-end\"><\/span><\/h2>\n\n\n\n<ul class=\"wp-block-list\"><li>Ventilation 2x Resmed Astral 100 (1x active, 1x stand-by)<\/li><li>Masque nasal (jour)<\/li><li>Masque pour le nez et la bouche (nuit)<\/li><li>Assistant de toux Philips Cough Assist E70<\/li><li>Aspiration Vacuaide<\/li><li>Inhalation Multisonic<\/li><li>Vaporisateur de cannabis Vapormed Volcano MEDIC 2<\/li><li>Technics SL-1200MK2<\/li><\/ul>\n\n\n\n<pre class=\"wp-block-verse\">Le temps est pr\u00e9cieux. Utilise-le \u00e0 bon escient.<\/pre>\n\n\n\n<h2 class=\"wp-block-heading\"><span class=\"ez-toc-section\" id=\"Berufsausubung\"><\/span>Exercice de la profession<span class=\"ez-toc-section-end\"><\/span><\/h2>\n\n\n\n<p>Directeur d'une entreprise informatique \u00e0 succ\u00e8s. Oui, je travaille toujours et je gagne bien ma vie.<\/p>\n\n\n\n<p><\/p>\n\n\n\n<h2 class=\"wp-block-heading\"><span class=\"ez-toc-section\" id=\"Vorlieben\"><\/span>Pr\u00e9f\u00e9rences<span class=\"ez-toc-section-end\"><\/span><\/h2>\n\n\n\n<p>D\u00e9penser le bon argent. Acheter de belles choses, offrir de belles choses, \u00e9couter un disque, fumer, du jus de mangue fra\u00eechement press\u00e9, r\u00e9fl\u00e9chir au monde.<\/p>\n\n\n\n<p><\/p>\n\n\n\n<pre class=\"wp-block-verse\">Sexe, drogue &amp; toutes sortes de musique<\/pre>\n\n\n\n<h2 class=\"wp-block-heading\"><span class=\"ez-toc-section\" id=\"Einsatzort\"><\/span>Lieu d'intervention<span class=\"ez-toc-section-end\"><\/span><\/h2>\n\n\n\n<p>Mon condo dans la partie historique de Gr\u00fcnwald, \u00e0 distance de marche de l'Isar. Chambre priv\u00e9e pour les soignants avec TV, Netflix, Prime, TV Now, Joyn. Wifi imprimante multifonction, 100 Mbit WLAN, iPad Air. Canap\u00e9, lit d'appoint. Machine \u00e0 caf\u00e9 Gastro Nespresso Pro, r\u00e9serve de 2 000 capsules de caf\u00e9, 200 sortes d'alcools. Balcon fumeur couvert de 20 m\u00e8tres carr\u00e9s<\/p>\n\n\n\n<p><\/p>","protected":false},"excerpt":{"rendered":"<p>&#8222;Der beste ALS Patient der Welt&#8220;Der eingebildete Kranke, Seite 1, P. Ruppelt 2022 Diagnose Erste Symptome im August 2017: h\u00e4ufiges Stolpern beim Joggen im Wald, sp\u00e4ter n\u00e4chtliche Wadenkr\u00e4mpfe und Faszikulationen. Es folgen sechs Monate sinnlose Arztbesuche (\u201eSie sind kerngesund.\u201c), bis ich mich im M\u00e4rz 2018 selbst in Gro\u00dfhadern einliefere. Ergebnis nach sieben Tagen station\u00e4rem Aufenthalt auf der Neurologie: Amyotrophe Lateralsklerose (ALS). Heute: Pflegegrad 5, GdB 90%, Tetraparese, Lunge 0% Behandlungen Verlaufskontrolle im Friedrich-Baur-InstitutNeuro-PhysiotherapieLogop\u00e4dieHausarztvisiteHNO-\u00c4rztin-Visite Hilfsmittel AktivrollstuhlCarbon RollstuhlElektro-Rollstuhl3x Deckenlifter mit Fahrmotor im BadSchlafzimmer und WohnzimmerBadewannenlifterim Treppenhaus PlattformliftPflegebettAnti-Dekubitus Weich-lagerungsmatratzePC-Augensteuerung Tobii Dynavox PCEye und Communicator an Surface Pro 8 Ger\u00e4te Beatmung 2x Resmed Astral&#8230;<\/p>","protected":false},"author":1,"featured_media":3997,"parent":0,"menu_order":0,"comment_status":"closed","ping_status":"closed","template":"","meta":{"_acf_changed":false,"_lmt_disableupdate":"","_lmt_disable":"","_monsterinsights_skip_tracking":false,"_monsterinsights_sitenote_active":false,"_monsterinsights_sitenote_note":"","_monsterinsights_sitenote_category":0,"_uf_show_specific_survey":0,"_uf_disable_surveys":false,"footnotes":""},"class_list":["post-3995","page","type-page","status-publish","has-post-thumbnail","hentry"],"acf":[],"wps_subtitle":"","_links":{"self":[{"href":"https:\/\/paddys.de\/fr\/wp-json\/wp\/v2\/pages\/3995","targetHints":{"allow":["GET"]}}],"collection":[{"href":"https:\/\/paddys.de\/fr\/wp-json\/wp\/v2\/pages"}],"about":[{"href":"https:\/\/paddys.de\/fr\/wp-json\/wp\/v2\/types\/page"}],"author":[{"embeddable":true,"href":"https:\/\/paddys.de\/fr\/wp-json\/wp\/v2\/users\/1"}],"replies":[{"embeddable":true,"href":"https:\/\/paddys.de\/fr\/wp-json\/wp\/v2\/comments?post=3995"}],"version-history":[{"count":8,"href":"https:\/\/paddys.de\/fr\/wp-json\/wp\/v2\/pages\/3995\/revisions"}],"predecessor-version":[{"id":4015,"href":"https:\/\/paddys.de\/fr\/wp-json\/wp\/v2\/pages\/3995\/revisions\/4015"}],"wp:featuredmedia":[{"embeddable":true,"href":"https:\/\/paddys.de\/fr\/wp-json\/wp\/v2\/media\/3997"}],"wp:attachment":[{"href":"https:\/\/paddys.de\/fr\/wp-json\/wp\/v2\/media?parent=3995"}],"curies":[{"name":"wp","href":"https:\/\/api.w.org\/{rel}","templated":true}]}}