{"id":4347,"date":"2022-10-07T14:18:43","date_gmt":"2022-10-07T12:18:43","guid":{"rendered":"https:\/\/paddys.de\/?page_id=4347"},"modified":"2022-10-07T18:42:42","modified_gmt":"2022-10-07T16:42:42","slug":"im-bett-mit-paddy","status":"publish","type":"page","link":"https:\/\/paddys.de\/fr\/im-bett-mit-paddy\/","title":{"rendered":"Au lit avec Paddy"},"content":{"rendered":"\n<p>Some things never change. Wer mich besuchen kommt, wird damit leben m\u00fcssen, mit mir in der Kiste zu landen. War schon immer so. Wieso sollte sich das \u00e4ndern? Gerade jetzt, wo sich mein Leben praktisch zu 100\u00a8% in meinem Bett abspielt. Also wirklich. Zwinkersmiley. <\/p>\n\n\n\n<div style=\"height:30px\" aria-hidden=\"true\" class=\"wp-block-spacer\"><\/div>\n\n\n<p>[smartslider3 slider=&#8220;2&#8243;]<\/p>\n\n\n\n<div style=\"height:30px\" aria-hidden=\"true\" class=\"wp-block-spacer\"><\/div>\n","protected":false},"excerpt":{"rendered":"<p>Certaines choses ne changent jamais. Ceux qui viennent me voir devront vivre avec l'id\u00e9e de finir dans la bo\u00eete avec moi. Il en a toujours \u00e9t\u00e9 ainsi. Pourquoi cela devrait-il changer ? Surtout maintenant que ma vie se d\u00e9roule pratiquement \u00e0 100\u00a8% dans mon lit. Vraiment. Cligne des yeux.<\/p>","protected":false},"author":1,"featured_media":4370,"parent":0,"menu_order":0,"comment_status":"closed","ping_status":"closed","template":"","meta":{"_acf_changed":false,"_lmt_disableupdate":"","_lmt_disable":"","_monsterinsights_skip_tracking":false,"_monsterinsights_sitenote_active":false,"_monsterinsights_sitenote_note":"","_monsterinsights_sitenote_category":0,"_uf_show_specific_survey":0,"_uf_disable_surveys":false,"footnotes":""},"class_list":["post-4347","page","type-page","status-publish","has-post-thumbnail","hentry"],"acf":[],"wps_subtitle":"","_links":{"self":[{"href":"https:\/\/paddys.de\/fr\/wp-json\/wp\/v2\/pages\/4347","targetHints":{"allow":["GET"]}}],"collection":[{"href":"https:\/\/paddys.de\/fr\/wp-json\/wp\/v2\/pages"}],"about":[{"href":"https:\/\/paddys.de\/fr\/wp-json\/wp\/v2\/types\/page"}],"author":[{"embeddable":true,"href":"https:\/\/paddys.de\/fr\/wp-json\/wp\/v2\/users\/1"}],"replies":[{"embeddable":true,"href":"https:\/\/paddys.de\/fr\/wp-json\/wp\/v2\/comments?post=4347"}],"version-history":[{"count":9,"href":"https:\/\/paddys.de\/fr\/wp-json\/wp\/v2\/pages\/4347\/revisions"}],"predecessor-version":[{"id":4367,"href":"https:\/\/paddys.de\/fr\/wp-json\/wp\/v2\/pages\/4347\/revisions\/4367"}],"wp:featuredmedia":[{"embeddable":true,"href":"https:\/\/paddys.de\/fr\/wp-json\/wp\/v2\/media\/4370"}],"wp:attachment":[{"href":"https:\/\/paddys.de\/fr\/wp-json\/wp\/v2\/media?parent=4347"}],"curies":[{"name":"wp","href":"https:\/\/api.w.org\/{rel}","templated":true}]}}