{"id":6303,"date":"2023-04-22T22:30:17","date_gmt":"2023-04-22T20:30:17","guid":{"rendered":"https:\/\/paddys.de\/?page_id=6303"},"modified":"2023-06-20T21:51:30","modified_gmt":"2023-06-20T19:51:30","slug":"patricks-pflege-anleitung","status":"publish","type":"page","link":"https:\/\/paddys.de\/fr\/patricks-pflege-anleitung\/","title":{"rendered":"Le guide d'entretien de Patrick"},"content":{"rendered":"<p><\/p>\n\n\n\n<div style=\"height:40px\" aria-hidden=\"true\" class=\"wp-block-spacer\"><\/div>\n\n\n\n<h3 class=\"wp-block-heading\">Table des mati\u00e8res <\/h3>\n\n\n\n<p><em><mark style=\"background-color:rgba(0, 0, 0, 0)\" class=\"has-inline-color has-vivid-red-color\"><strong>Il manque encore beaucoup de contenu dans la version web. Je m'efforce de combler les lacunes rapidement.<\/strong><\/mark><\/em><\/p>\n\n\n\n<div style=\"height:40px\" aria-hidden=\"true\" class=\"wp-block-spacer\"><\/div>\n\n\n\n<ol class=\"wp-block-list\">\n<li><a href=\"https:\/\/paddys.de\/fr\/pflegeanleitung-mal-anders\/\">Un guide d'entretien diff\u00e9rent<\/a>\n<ol class=\"wp-block-list\">\n<li><a href=\"https:\/\/paddys.de\/fr\/notfallzeichen\/\" title=\"Signes d&#039;urgence\">Signes d'urgence<\/a><\/li>\n\n\n\n<li><a href=\"https:\/\/paddys.de\/fr\/dinge-die-nicht-passieren-duerfen\/\" title=\"Les choses qui ne doivent pas arriver\">Les choses qui ne doivent pas arriver<\/a><\/li>\n\n\n\n<li><a href=\"https:\/\/paddys.de\/fr\/wenn-wir-mal-nicht-weiter-kommen\/\" title=\"Si jamais on n&#039;arrive \u00e0 rien\">Si jamais on n'arrive \u00e0 rien<\/a><\/li>\n\n\n\n<li><a href=\"https:\/\/paddys.de\/fr\/kleinigkeiten-die-mich-gluecklich-machen\/\" title=\"Les petites choses qui me rendent heureux\">Les petites choses qui me rendent heureux<\/a><\/li>\n\n\n\n<li><a href=\"https:\/\/paddys.de\/fr\/machts-mias-doch-so-schwer-neda\/\" title=\"Ne me rends pas la t\u00e2che si difficile.\">Et je n'aime pas du tout \u00e7a <\/a><\/li>\n\n\n\n<li><a href=\"https:\/\/paddys.de\/fr\/der-paddy\/\" title=\"Le Paddy\">Diagnostic <\/a>\n<ol class=\"wp-block-list\">\n<li><a href=\"https:\/\/paddys.de\/fr\/der-gefuehllose-kranke\/\" title=\"Le malade insensible\">L'\u00e9volution de la maladie en acc\u00e9l\u00e9r\u00e9 <\/a><\/li>\n\n\n\n<li><a href=\"https:\/\/paddys.de\/fr\/no-pain-no-fun\/\" title=\"Ne fais pas mal \u00e0 mes sentiments.\">Capteurs et motricit\u00e9<\/a><\/li>\n\n\n\n<li><a href=\"https:\/\/paddys.de\/fr\/no-pain-no-fun-2\/\" title=\"Pas de douleur, pas de plaisir.\">Sensation de douleur <\/a><\/li>\n<\/ol>\n<\/li>\n<\/ol>\n<\/li>\n\n\n\n<li><a href=\"https:\/\/paddys.de\/fr\/notfallplan\/\" title=\"Plan d&#039;urgence\">Plan d'urgence<\/a><\/li>\n\n\n\n<li><a href=\"https:\/\/paddys.de\/fr\/medikamente\/\" title=\"Les m\u00e9dicaments\">Les m\u00e9dicaments<\/a><\/li>\n\n\n\n<li><a href=\"https:\/\/paddys.de\/fr\/tagesablauf-kalender\/\" title=\"D\u00e9roulement de la journ\u00e9e \/ calendrier\">D\u00e9roulement de la journ\u00e9e \/ calendrier<\/a><\/li>\n\n\n\n<li>Cyborg Zeugsi\n<ol class=\"wp-block-list\">\n<li><a href=\"https:\/\/paddys.de\/fr\/eine-trilogie-in-vier-teilen\/\" title=\"Une trilogie en quatre parties\">PEG (sonde gastrique)<\/a>\n<ol class=\"wp-block-list\">\n<li><a href=\"https:\/\/paddys.de\/fr\/hab-ich-mir-die-peg-gezogen\/\" title=\"J&#039;ai pris le PEG\">Fixer le PEG <\/a><\/li>\n<\/ol>\n<\/li>\n\n\n\n<li>Sonde v\u00e9sicale <\/li>\n<\/ol>\n<\/li>\n\n\n\n<li><a href=\"https:\/\/paddys.de\/fr\/meine-hilfsmittel\/\" title=\"Mes outils\">Mes outils<\/a>\n<ol class=\"wp-block-list\">\n<li><a href=\"https:\/\/paddys.de\/fr\/philips-respironics-amara-view-nasen-mund-maske\/\" title=\"Philips Respironics Amara View Masque naso-buccal\">Philips Respironics Amara View Masque naso-buccal<\/a>\n<ol class=\"wp-block-list\">\n<li><a href=\"https:\/\/paddys.de\/fr\/anlegen-der-nasen-mund-maske\/\" title=\"Mise en place du masque nez-bouche\">Mise en place du masque nez-bouche<\/a><\/li>\n\n\n\n<li><a href=\"https:\/\/paddys.de\/fr\/abnehmen\/\" title=\"Perdre du poids\">Perdre du poids<\/a><\/li>\n\n\n\n<li><a href=\"https:\/\/paddys.de\/fr\/beschreibung-der-einzelteile-der-nasen-mund-maske\/\" title=\"Description des pi\u00e8ces du masque nez-bouche\">Description des pi\u00e8ces du masque nez-bouche<\/a><\/li>\n<\/ol>\n<\/li>\n\n\n\n<li><a href=\"https:\/\/paddys.de\/fr\/resmed-airfit-n20-classic-nasenmaske\/\" title=\"ResMed AirFit N20 Classic masque nasal\">ResMed AirFit N20 Classic masque nasal<\/a>\n<ol class=\"wp-block-list\">\n<li><a href=\"https:\/\/paddys.de\/fr\/beschreibung-der-einzelteile-der-nasenmaske\/\" title=\"Description des pi\u00e8ces du masque nasal\">Description des pi\u00e8ces du masque nasal<\/a><\/li>\n\n\n\n<li><a href=\"https:\/\/paddys.de\/fr\/anlegen-der-nasenmaske\/\" title=\"Mise en place du masque nasal\">Mise en place du masque nasal<\/a><\/li>\n\n\n\n<li><a href=\"https:\/\/paddys.de\/fr\/abnehmen-der-nasenmaske\/\" title=\"Enlever le masque nasal\">Enlever le masque nasal<\/a><\/li>\n\n\n\n<li><a href=\"https:\/\/paddys.de\/fr\/auseinanderbau-der-nasenmaske\/\" title=\"D\u00e9montage du masque nasal\">D\u00e9montage du masque nasal<\/a><\/li>\n\n\n\n<li><a href=\"https:\/\/paddys.de\/fr\/zusammenbau-der-nasenmaske\/\" title=\"Assemblage du masque nasal\">Assemblage du masque nasal<\/a><\/li>\n\n\n\n<li><a href=\"https:\/\/paddys.de\/fr\/reinigung-der-nasenmaske\/\" title=\"Nettoyage du masque nasal\">Nettoyage du masque nasal<\/a><br><\/li>\n\n\n\n<li><a href=\"https:\/\/paddys.de\/fr\/kein-wort-zum-sonntag\/\" title=\"Pas de mot pour le dimanche\">Solution \u00e0 tous les probl\u00e8mes<\/a><\/li>\n<\/ol>\n<\/li>\n\n\n\n<li><a href=\"https:\/\/paddys.de\/fr\/maskenwechsel\/\" title=\"Changement de masque\">Changement de masque<\/a>\n<ol class=\"wp-block-list\">\n<li><a href=\"https:\/\/paddys.de\/fr\/wechsel-nasenmaske-auf-nasen-mund-maske\/\" title=\"&lt;a&gt;Changement du masque nasal en masque naso-buccal&lt;\/a&gt;&quot;&amp;gt;Change le masque nasal en masque naso-buccal&lt;\/a&gt;&lt;\/li&gt;&lt;li&gt;&amp;lt;a href=\"https:>Changement du masque naso-buccal en masque nasal<\/a>\"&gt;Changer le masque nez-bouche en masque nasal<\/a><\/li>\n<\/ol>\n<\/li>\n\n\n\n<li><a href=\"https:\/\/paddys.de\/fr\/mein-schlauch-teil-meines-koerpers\/\" title=\"Mon tube. Partie de mon corps.\">Mon tube. Partie de mon corps.<\/a>\n<ol class=\"wp-block-list\">\n<li><a href=\"https:\/\/paddys.de\/fr\/so-liegt-der-schlauch-richtig\/\" title=\"Ainsi, le tuyau est bien positionn\u00e9.\">Ainsi, le tuyau est bien positionn\u00e9.<\/a><\/li>\n\n\n\n<li>Eau du tuyau.<\/li>\n<\/ol>\n<\/li>\n\n\n\n<li><a href=\"https:\/\/paddys.de\/fr\/resmed-astral-100-beatmung\/\" title=\"ResMed Astral 100 (ventilation)\">ResMed Astral 100 (ventilation)<\/a>\n<ol class=\"wp-block-list\">\n<li><a href=\"https:\/\/paddys.de\/fr\/resmed-astral-100-beatmung\/\" title=\"ResMed Astral 100 (ventilation)\">Application <\/a><\/li>\n\n\n\n<li><a href=\"https:\/\/paddys.de\/fr\/resmed-astral-100-beatmung\/\" title=\"ResMed Astral 100 (ventilation)\">R\u00e8glement <\/a><\/li>\n<\/ol>\n<\/li>\n\n\n\n<li><a href=\"https:\/\/paddys.de\/fr\/wilamed-airniva-atemgasbefeuchter\/\" title=\"WiLAmed AIRniva (humidificateur de gaz respiratoire)\">WiLAmed AIRniva (humidificateur de gaz respiratoire)<\/a><\/li>\n\n\n\n<li><a href=\"https:\/\/paddys.de\/fr\/philips-respironics-e70-hustenassistent\/\" title=\"Philips\/Respironics E70 (Assistant toux)\">Philips\/Respironics E70 (Assistant toux)<\/a>\n<ol class=\"wp-block-list\">\n<li><a href=\"https:\/\/paddys.de\/fr\/philips-respironics-e70-hustenassistent\/\" title=\"Philips\/Respironics E70 (Assistant toux)\">Application <\/a><\/li>\n\n\n\n<li><a href=\"https:\/\/paddys.de\/fr\/philips-respironics-e70-hustenassistent\/\" title=\"Philips\/Respironics E70 (Assistant toux)\">R\u00e8glement<\/a> <\/li>\n<\/ol>\n<\/li>\n\n\n\n<li><a href=\"https:\/\/paddys.de\/fr\/multisonic-medikamentenvernebler-inhalation-kalt\/\" title=\"N\u00e9buliseur de m\u00e9dicaments Multisonic (inhalation, froid)\">N\u00e9buliseur de m\u00e9dicaments Multisonic (inhalation, froid)<\/a><\/li>\n\n\n\n<li><a href=\"https:\/\/paddys.de\/fr\/kiffen-auf-rezept\/\" title=\"VaporMed Volcano Medic 2 (inhalation, chaud)\">VaporMed Volcano Medic 2 (inhalation, chaud)<\/a><\/li>\n\n\n\n<li><a href=\"https:\/\/paddys.de\/fr\/vorbereitung-mit-kapsel-befuellen\/\" title=\"Volcano : pr\u00e9paration (remplir avec la capsule)\">Pr\u00e9paration (remplir avec la capsule)<\/a><\/li>\n\n\n\n<li><a href=\"https:\/\/paddys.de\/fr\/rauchen-eigentlich-inhalation\/\" title=\"Fumer (en fait, inhalation)\">Fumer (en fait, inhalation)<\/a><\/li>\n\n\n\n<li><a href=\"https:\/\/paddys.de\/fr\/volcano-reinigung-nach-jedem-gebrauch\/\" title=\"Volcano : nettoyage (apr\u00e8s chaque utilisation)\">Nettoyage (apr\u00e8s chaque utilisation)<\/a><\/li>\n\n\n\n<li><a href=\"https:\/\/paddys.de\/fr\/vollstaendige-reinigung\/\" title=\"Nettoyage complet\">Nettoyage complet<\/a>\n<ol class=\"wp-block-list\">\n<li><a href=\"https:\/\/paddys.de\/fr\/vollstaendige-reinigung\/#Reinigung_der_Fuellkammer\" title=\"\">Nettoyage de la chambre de remplissage<\/a><\/li>\n\n\n\n<li><a href=\"https:\/\/paddys.de\/fr\/vollstaendige-reinigung\/#Reinigung_des_Heisslufterzeugers\" title=\"\">Nettoyage du g\u00e9n\u00e9rateur d'air chaud<\/a><\/li>\n\n\n\n<li><a href=\"https:\/\/paddys.de\/fr\/vollstaendige-reinigung\/#Wiederverwendbarkeit_des_Ventilballons_bzw_des_Schlauchs\" title=\"\">R\u00e9utilisation du ballon \u00e0 valve ou de la tubulure<\/a><\/li>\n<\/ol>\n<\/li>\n\n\n\n<li><a href=\"https:\/\/paddys.de\/fr\/faszination-faszikulation-cannabis-schaffst-du-das\/\" title=\"Fascination Fasciculation &amp; Cannabis\">Effet et impact <\/a><\/li>\n\n\n\n<li>Surface (commande oculaire Tobii)\n<ol class=\"wp-block-list\">\n<li><a href=\"https:\/\/paddys.de\/fr\/ausrichtung-positionierung-des-staenders\/\" title=\"Surface et Tobii, orientation (positionnement) du support\">Orientation (positionnement) du support<\/a><\/li>\n\n\n\n<li><a href=\"https:\/\/paddys.de\/fr\/lagerung-meiner-wenigkeit-fuer-laptoparbeit\/\" title=\"Stockage de ma personne pour le travail sur ordinateur portable\">Stockage de ma personne pour le travail sur ordinateur portable<\/a><\/li>\n\n\n\n<li><a href=\"https:\/\/paddys.de\/fr\/tobii-fehlerbehebung\/\" title=\"D\u00e9pannage de Tobii\">D\u00e9pannage<\/a>\n<ol class=\"wp-block-list\">\n<li><a href=\"https:\/\/paddys.de\/fr\/augensteuerung\/\" title=\"Contr\u00f4le des yeux\">Erreurs connues (partie 1)<\/a><\/li>\n\n\n\n<li><a href=\"https:\/\/paddys.de\/fr\/fk-you-tobii-you-donkey\/\" title=\"Va te faire foutre, Tobii. You donkey.\">Erreurs connues (partie 2)<\/a><\/li>\n<\/ol>\n<\/li>\n<\/ol>\n<\/li>\n<\/ol>\n<\/li>\n\n\n\n<li><a href=\"https:\/\/paddys.de\/fr\/lagerung-meines-koerpers\/\" title=\"Positionner mon corps\">Positionner mon corps<\/a>\n<ol class=\"wp-block-list\">\n<li><a href=\"https:\/\/paddys.de\/fr\/rueckenlage-mit-kopf-nach-rechts\/\" title=\"Couch\u00e9 sur le dos, t\u00eate vers la droite\">Couch\u00e9 sur le dos, t\u00eate vers la droite<\/a><\/li>\n\n\n\n<li><a href=\"https:\/\/paddys.de\/fr\/mikrolagerung-rumpf-und-ruecken\/\" title=\"Micropositionnement du tronc et du dos\">Micropositionnement du tronc et du dos<\/a><\/li>\n\n\n\n<li><a href=\"https:\/\/paddys.de\/fr\/mikrolagerung-beine\/\" title=\"Micropositionnement jambes\">Micropositionnement jambes<\/a><\/li>\n\n\n\n<li><a href=\"https:\/\/paddys.de\/fr\/beine-aufstellen\/\" title=\"Mettre les jambes en place\">Mettre les jambes en place<\/a><\/li>\n\n\n\n<li><a href=\"https:\/\/paddys.de\/fr\/seitenlage-links\/\" title=\"Position lat\u00e9rale gauche\">Position lat\u00e9rale gauche<\/a><\/li>\n\n\n\n<li><a href=\"https:\/\/paddys.de\/fr\/seitenlage-rechts\/\" title=\"Position lat\u00e9rale droite\">Position lat\u00e9rale droite<\/a><\/li>\n\n\n\n<li><a href=\"https:\/\/paddys.de\/fr\/aufsetzen-sitzen\/\" title=\"S&#039;asseoir (\u00eatre assis)\">S'asseoir (\u00eatre assis)<\/a><\/li>\n\n\n\n<li><a href=\"https:\/\/paddys.de\/fr\/wieder-runter-fahren-hinlegen\/\" title=\"Redescendre (se coucher)\">Redescendre (se coucher)<\/a><\/li>\n\n\n\n<li><a href=\"https:\/\/paddys.de\/fr\/finger-dehnen-und-ausstrecken\/\" title=\"\u00c9tirer les doigts\">\u00c9tirer les doigts<\/a><\/li>\n\n\n\n<li><a href=\"https:\/\/paddys.de\/fr\/lagerung-meines-rechten-ohrs\/\" title=\"Positionnement de mon oreille droite\">Positionnement de mon oreille droite<\/a><\/li>\n\n\n\n<li><a href=\"https:\/\/paddys.de\/fr\/lagern-brauchts-nur-am-whiskey\/\" title=\"Il suffit de stocker le whisky.\">Probl\u00e8me du manque de soutien : les escarres <\/a><\/li>\n<\/ol>\n<\/li>\n\n\n\n<li><a href=\"https:\/\/paddys.de\/fr\/hygiene-und-pflege\/\" title=\"Hygi\u00e8ne et soins\">Hygi\u00e8ne et soins<\/a>\n<ol class=\"wp-block-list\">\n<li><a href=\"https:\/\/paddys.de\/fr\/wasserlassen-pipi\/\" title=\"Miction (&quot;pipi&quot;)\">Miction (\"pipi\")<\/a><\/li>\n\n\n\n<li><a href=\"https:\/\/paddys.de\/fr\/gesichtspflege\/\" title=\"Soins du visage\">Soins du visage<\/a> est remplac\u00e9 par 8.5.4)<\/li>\n\n\n\n<li><a href=\"https:\/\/paddys.de\/fr\/wechsel-nasen-mund-maske-auf-nasenmaske\/\" title=\"&lt;a&gt;Changement du masque naso-buccal en masque nasal&lt;\/a&gt;&quot;&amp;gt;Soins de la bouche&lt;\/a&gt; (est remplac&eacute; par 8.5.3)&lt;\/li&gt;&lt;li&gt;&amp;lt;a href=\"https:>Soins dentaires<\/a> (est remplac\u00e9 par 8.5.3)\n<ol class=\"wp-block-list\">\n<li><a href=\"https:\/\/paddys.de\/fr\/graf-patricula\/\" title=\"Comte Patricula\">Probl\u00e8me 1 : saigner des gencives avec un masque <\/a><\/li>\n\n\n\n<li><a href=\"https:\/\/paddys.de\/fr\/medium-rare-is-was-fuer-weicheier\/\" title=\"Medium Rare est pour les mauviettes.\">Probl\u00e8me 2 : mes gencives ab\u00eem\u00e9es<\/a> <\/li>\n<\/ol>\n<\/li>\n\n\n\n<li><a href=\"https:\/\/paddys.de\/fr\/grundpflege\/\" title=\"Soins de base\">Soins de base<\/a>\n<ol class=\"wp-block-list\">\n<li>Nettoyer les yeux<\/li>\n\n\n\n<li>Soin des l\u00e8vres <\/li>\n\n\n\n<li>Soins buccaux (remplace 8.4)<\/li>\n\n\n\n<li>Soins du visage (remplace 8.2)<\/li>\n\n\n\n<li>Lavage du corps des pieds \u00e0 la t\u00eate<\/li>\n\n\n\n<li>Frotter le cou, les \u00e9paules et le dos<\/li>\n\n\n\n<li>Linge intime<\/li>\n\n\n\n<li>Brosser les cheveux<\/li>\n<\/ol>\n<\/li>\n\n\n\n<li><a href=\"https:\/\/paddys.de\/fr\/pedikuere\/\" title=\"P\u00e9dicure\">P\u00e9dicure<\/a><\/li>\n\n\n\n<li><a href=\"https:\/\/paddys.de\/fr\/manikuere\/\" title=\"Manucure\">Manucure<\/a><\/li>\n\n\n\n<li>Rasage (visage)<\/li>\n\n\n\n<li>Rasage (poitrine, aisselles, rasage intime) <\/li>\n\n\n\n<li>Nettoyage m\u00e9dical des oreilles<\/li>\n\n\n\n<li>Coiffure<\/li>\n\n\n\n<li>Coiffeur<\/li>\n<\/ol>\n<\/li>\n\n\n\n<li>Manger &amp; boire\n<ol class=\"wp-block-list\">\n<li><a href=\"https:\/\/paddys.de\/fr\/der-schleimbeutel\/\" title=\"La bourse\">Probl\u00e8me de formation de mucus<\/a><\/li>\n\n\n\n<li>Caf\u00e9 panto<\/li>\n\n\n\n<li>Mon caf\u00e9 quotidien<\/li>\n\n\n\n<li>Petit d\u00e9jeuner<\/li>\n\n\n\n<li>Eau glac\u00e9e<\/li>\n\n\n\n<li><a href=\"https:\/\/paddys.de\/fr\/tea-or-not-to-tea\/\" title=\"Tea or not to tea.\">Eau par pompe PEG <\/a><\/li>\n\n\n\n<li>Alimentation buvable toujours par bolus <\/li>\n\n\n\n<li>Les m\u00e9dicaments toujours par bolus<\/li>\n\n\n\n<li><a href=\"https:\/\/paddys.de\/fr\/nachtragshaushalt-zigarette-no-1\/\" title=\"Budget suppl\u00e9mentaire Cigarette No. 1\">Fumer une cigarette <\/a><\/li>\n<\/ol>\n<\/li>\n\n\n\n<li>Th\u00e9rapie &amp; visites chez le m\u00e9decin\n<ol class=\"wp-block-list\">\n<li>Physioth\u00e9rapie\n<ol class=\"wp-block-list\">\n<li><a href=\"https:\/\/paddys.de\/fr\/schmerz-lass-nach\/\" title=\"Douleur, laisse-toi aller\">Des exercices \u00e0 faire entre les deux<\/a><\/li>\n\n\n\n<li><a href=\"https:\/\/paddys.de\/fr\/physio-uebung-1-schulterblatt-rausziehen\/\" title=\"Exercice de physio 1 : sortir l&#039;omoplate\">Exercice de physio 1 : tirer sur l'\u00e9paule <\/a><\/li>\n\n\n\n<li><a href=\"https:\/\/paddys.de\/fr\/physio-uebung-2-achsel-entstauchen\/\" title=\"Exercice de physio 2 : d\u00e9senfouir les aisselles\">Exercice de physio 2 : \u00e9tirer les aisselles<\/a> <\/li>\n\n\n\n<li><a href=\"https:\/\/paddys.de\/fr\/physio-uebung-3-nervenschonende-lagerung\/\" title=\"Exercice de physio 3 : Positionner pour prot\u00e9ger les nerfs\">Exercice de physio 3 : Positionner pour prot\u00e9ger les nerfs <\/a><\/li>\n<\/ol>\n<\/li>\n\n\n\n<li>Neuro-physioth\u00e9rapie<\/li>\n\n\n\n<li>Logop\u00e9die<\/li>\n\n\n\n<li>Visite du m\u00e9decin de famille<\/li>\n\n\n\n<li>ORL Visite<\/li>\n<\/ol>\n<\/li>\n\n\n\n<li><a href=\"https:\/\/paddys.de\/fr\/patrick-hats-ja\/\" title=\"Patrick l&#039;a fait.\">Commandes<\/a>\n<ol class=\"wp-block-list\">\n<li><a href=\"https:\/\/paddys.de\/fr\/die-koschten\/\" title=\"Les Koschten\">Pas d'exemption de paiement suppl\u00e9mentaire<\/a><\/li>\n\n\n\n<li>M\u00e9dicaments @ Mary's Apotheke, Gr\u00fcnwald<\/li>\n\n\n\n<li>Nutrition orale @ Schubert-Apotheke, Pullach<\/li>\n\n\n\n<li>Magasin de mat\u00e9riel m\u00e9dical @ Vivisol Allemagne<\/li>\n\n\n\n<li>Soins PEG @ Vivisol Intensive Care<\/li>\n\n\n\n<li>Fauteuil roulant &amp; Co. @ Reha Team Oberland<\/li>\n\n\n\n<li>Tout en dessous de 5,- \u20ac @ Amazon<\/li>\n<\/ol>\n<\/li>\n\n\n\n<li>D\u00e9roulement de la journ\u00e9e\n<ol class=\"wp-block-list\">\n<li>Dormir<\/li>\n\n\n\n<li>Travail sur ordinateur portable<\/li>\n\n\n\n<li>Co-working avec Sis<\/li>\n\n\n\n<li>Ecouter un disque vinyle<\/li>\n\n\n\n<li><a href=\"https:\/\/paddys.de\/fr\/die-lange-nacht-tag-nacht-tag-nacht\/\" title=\"La longue nuit-jour-nuit-jour-nuit\">C\u00e9l\u00e9brer <\/a><\/li>\n\n\n\n<li>Give me five<\/li>\n\n\n\n<li>La journ\u00e9e parfaite.<\/li>\n<\/ol>\n<\/li>\n\n\n\n<li>La propri\u00e9t\u00e9 \"Schorrerhof\n<ol class=\"wp-block-list\">\n<li>Voisins<\/li>\n\n\n\n<li>Locaux<\/li>\n\n\n\n<li>Buanderie<\/li>\n\n\n\n<li>Ma cave<\/li>\n\n\n\n<li>Parking souterrain<\/li>\n\n\n\n<li>Gestion des d\u00e9chets<\/li>\n<\/ol>\n<\/li>\n\n\n\n<li>Mon appartement\n<ol class=\"wp-block-list\">\n<li>Cl\u00e9s, cl\u00e9s de secours<\/li>\n\n\n\n<li>Maison intelligente\n<ol class=\"wp-block-list\">\n<li><a href=\"https:\/\/paddys.de\/fr\/alexa-tu-was-ich-sage\/\" title=\"Alexa ? Fais ce que je te dis.\">Amazon Alexa (commande vocale)<\/a><\/li>\n\n\n\n<li>Philips Hue (lumi\u00e8re)<\/li>\n\n\n\n<li>Elgato Eve (chauffage)<\/li>\n\n\n\n<li><a href=\"https:\/\/paddys.de\/fr\/alexa-oeffne-haustuer\/\" title=\"Alexa, ouvre la porte d&#039;entr\u00e9e.\">Nuki (verrouillage de porte)<\/a><\/li>\n\n\n\n<li>Notre \"gagi\" nomm\u00e9 Paul (robot aspirateur et nettoyeur Deebot)<\/li>\n<\/ol>\n<\/li>\n\n\n\n<li>Machine \u00e0 caf\u00e9<\/li>\n\n\n\n<li>Centrifugeuse<\/li>\n\n\n\n<li>Lave-vaisselle<\/li>\n\n\n\n<li><a href=\"https:\/\/paddys.de\/fr\/drei-zwei-eins\/\" title=\"Trois. deux. Un\">R\u00e9frig\u00e9rateur<\/a> <\/li>\n\n\n\n<li>Balcon<\/li>\n\n\n\n<li>Technique \n<ol class=\"wp-block-list\">\n<li>Internet <\/li>\n\n\n\n<li>Vid\u00e9oconf\u00e9rence<\/li>\n<\/ol>\n<\/li>\n\n\n\n<li>O\u00f9 trouves-tu quelque chose ?<br><\/li>\n\n\n\n<li><a href=\"https:\/\/paddys.de\/fr\/etz-hakts-aber\/\" title=\"C&#039;est pas gagn\u00e9.\">Ce pour quoi mes biens n'ont pas \u00e9t\u00e9 achet\u00e9s<\/a><\/li>\n<\/ol>\n<\/li>\n\n\n\n<li>Mes pens\u00e9es sur\n<ol class=\"wp-block-list\">\n<li><a href=\"https:\/\/paddys.de\/fr\/das-prinzip-hoffnung\/\" title=\"Le principe de l&#039;espoir\">Espoir<\/a><\/li>\n\n\n\n<li><a href=\"https:\/\/paddys.de\/fr\/dein-koerper-eben-genau-nicht\/\" title=\"Ton corps ? Justement pas.\">Agression, abus de position<\/a><\/li>\n<\/ol>\n<\/li>\n\n\n\n<li>Lettres de m\u00e9decins<br><\/li>\n\n\n\n<li>Contacts importants<br><\/li>\n\n\n\n<li>Historique des modifications<br><\/li>\n\n\n\n<li>Oui\/Non Listes de contr\u00f4le\n<ol class=\"wp-block-list\">\n<li>Changement de masque pour un masque bucco-nasal<\/li>\n\n\n\n<li>Aller se coucher<\/li>\n\n\n\n<li>Plan d'urgence<\/li>\n<\/ol>\n<\/li>\n<\/ol>\n\n\n\n<div style=\"height:100px\" aria-hidden=\"true\" class=\"wp-block-spacer\"><\/div>\n\n\n\n<p><\/p>\n\n\n\n<p><\/p>\n\n\n\n<p><\/p>\n\n\n\n<p><\/p>\n\n\n\n<p><\/p>\n\n\n\n<p><\/p>","protected":false},"excerpt":{"rendered":"<p>Table des mati\u00e8res Il manque encore beaucoup de contenu dans la version web. Je m'efforce de combler les lacunes rapidement.<\/p>","protected":false},"author":1,"featured_media":0,"parent":0,"menu_order":0,"comment_status":"closed","ping_status":"closed","template":"","meta":{"_acf_changed":false,"_lmt_disableupdate":"","_lmt_disable":"","_monsterinsights_skip_tracking":false,"_monsterinsights_sitenote_active":false,"_monsterinsights_sitenote_note":"","_monsterinsights_sitenote_category":0,"_uf_show_specific_survey":0,"_uf_disable_surveys":false,"footnotes":""},"class_list":["post-6303","page","type-page","status-publish","hentry"],"acf":[],"wps_subtitle":"","_links":{"self":[{"href":"https:\/\/paddys.de\/fr\/wp-json\/wp\/v2\/pages\/6303","targetHints":{"allow":["GET"]}}],"collection":[{"href":"https:\/\/paddys.de\/fr\/wp-json\/wp\/v2\/pages"}],"about":[{"href":"https:\/\/paddys.de\/fr\/wp-json\/wp\/v2\/types\/page"}],"author":[{"embeddable":true,"href":"https:\/\/paddys.de\/fr\/wp-json\/wp\/v2\/users\/1"}],"replies":[{"embeddable":true,"href":"https:\/\/paddys.de\/fr\/wp-json\/wp\/v2\/comments?post=6303"}],"version-history":[{"count":66,"href":"https:\/\/paddys.de\/fr\/wp-json\/wp\/v2\/pages\/6303\/revisions"}],"predecessor-version":[{"id":7611,"href":"https:\/\/paddys.de\/fr\/wp-json\/wp\/v2\/pages\/6303\/revisions\/7611"}],"wp:attachment":[{"href":"https:\/\/paddys.de\/fr\/wp-json\/wp\/v2\/media?parent=6303"}],"curies":[{"name":"wp","href":"https:\/\/api.w.org\/{rel}","templated":true}]}}