{"id":7350,"date":"2023-06-05T14:08:09","date_gmt":"2023-06-05T12:08:09","guid":{"rendered":"https:\/\/paddys.de\/registrieren\/"},"modified":"2023-08-05T17:15:27","modified_gmt":"2023-08-05T15:15:27","slug":"registrieren","status":"publish","type":"page","link":"https:\/\/paddys.de\/fr\/registrieren\/","title":{"rendered":"Communaut\u00e9"},"content":{"rendered":"<p>Si tu es d\u00e9j\u00e0 inscrit et que tu vois cette page, merci de te connecter <a href=\"https:\/\/paddys.de\/fr\/anmelden\/\" title=\"S&#039;inscrire\">ici <\/a>\u00e0.<\/p>\n\n\n\n<p>Ceux qui ont d\u00e9j\u00e0 construit une zone de membres avec une option de donation par carte de cr\u00e9dit savent que ce n'est pas quelque chose qui se fait en une ou deux heures. Ensuite, tout doit \u00eatre test\u00e9 et si tu as une s\u0153ur aussi gentille que moi, elle trouvera toutes les erreurs sur le site. Alors \u00e0 quoi bon ? Deux raisons. Jusqu'\u00e0 pr\u00e9sent. Qui sait ce qui me viendra encore \u00e0 l'esprit. Oups, il y a d\u00e9j\u00e0 trois raisons.<\/p>\n\n\n\n<p>D\u00e9sol\u00e9 pour l'aspect visuel et la confusion entre l'allemand et l'anglais, les fonctions sont ma priorit\u00e9 pour le moment. D\u00e8s que tout fonctionnera comme je l'esp\u00e8re, l'aspect visuel prendra le relais.<\/p>\n\n\n\n<div style=\"height:40px\" aria-hidden=\"true\" class=\"wp-block-spacer\"><\/div>\n\n\n\n<h3 class=\"rcp_header\">\n\tRegister New Account<\/h3>\n\n\n<form id=\"rcp_registration_form\" class=\"rcp_form\" method=\"POST\" action=\"https:\/\/paddys.de\/fr\/wp-json\/wp\/v2\/pages\/7350\/\" data-trp-original-action=\"https:\/\/paddys.de\/fr\/wp-json\/wp\/v2\/pages\/7350\/\">\n\n\t\n\t\t\t<div class=\"rcp_login_link\">\n\t\t\t<p><a href=\"https:\/\/paddys.de\/wp-login.php?redirect_to=https%3A%2F%2Fpaddys.de%2Ffr%2Fwp-json%2Fwp%2Fv2%2Fpages%2F7350%2F\">Log in<\/a> to renew or change an existing membership.<\/p>\n\t\t<\/div>\n\n\t\t\n\t\t<fieldset class=\"rcp_user_fieldset\">\n\t\t\t<p id=\"rcp_user_login_wrap\">\n\t\t\t\t<label for=\"rcp_user_login\">Username<\/label>\n\t\t\t\t<input name=\"rcp_user_login\" id=\"rcp_user_login\" class=\"required\" type=\"text\" \/>\n\t\t\t<\/p>\n\t\t\t<p id=\"rcp_user_email_wrap\">\n\t\t\t\t<label for=\"rcp_user_email\">Email<\/label>\n\t\t\t\t<input name=\"rcp_user_email\" id=\"rcp_user_email\" class=\"required\" type=\"text\" \/>\n\t\t\t<\/p>\n\t\t\t<p id=\"rcp_user_first_wrap\" class=\"inline\">\n\t\t\t\t<label for=\"rcp_user_first\">First Name<\/label>\n\t\t\t\t<input name=\"rcp_user_first\" id=\"rcp_user_first\" type=\"text\" \/>\n\t\t\t<\/p>\n\t\t\t<p id=\"rcp_user_last_wrap\" class=\"inline-block\">\n\t\t\t\t<label for=\"rcp_user_last\">Last Name<\/label>\n\t\t\t\t<input name=\"rcp_user_last\" id=\"rcp_user_last\" type=\"text\" \/>\n\t\t\t<\/p>\n\t\t\t<p id=\"rcp_password_wrap\" class=\"inline\">\n\t\t\t\t<label for=\"rcp_password\">Mot de passe<\/label>\n\t\t\t\t<input name=\"rcp_user_pass\" id=\"rcp_password\" class=\"required\" type=\"password\"\/>\n\t\t\t<\/p>\n\t\t\t<p id=\"rcp_password_again_wrap\" class=\"inline-block\">\n\t\t\t\t<label for=\"rcp_password_again\">Password Again<\/label>\n\t\t\t\t<input name=\"rcp_user_pass_confirm\" id=\"rcp_password_again\" class=\"required\" type=\"password\"\/>\n\t\t\t<\/p>\n\n\t\t\t\n\t\t<\/fieldset>\n\t\n\t\n\t\t\t\t<fieldset class=\"rcp_subscription_fieldset\">\n\t\t\t\t\t\t\t\t\t<p class=\"rcp_subscription_message\">Choose your membership level<\/p>\n\t\t\t\t\t\t<ul id=\"rcp_subscription_levels\">\n\t\t\t\t\t\t\t\t\t\t\t\t\t\t<li class=\"rcp_subscription_level rcp_subscription_level_1\">\n\t\t\t\t\t\t<input type=\"radio\" id=\"rcp_subscription_level_1\" class=\"required rcp_level\" checked=\"checked\" name=\"rcp_level\" rel=\"240\" value=\"1\" \/>\n\t\t\t\t\t\t<label for=\"rcp_subscription_level_1\">\n\t\t\t\t\t\t\t<span class=\"rcp_subscription_level_name\">En famille seulement<\/span><span class=\"rcp_separator\">&nbsp;-&nbsp;<\/span><span class=\"rcp_price\" rel=\"240\">&#8364;240,00<\/span><span class=\"rcp_separator\">&nbsp;-&nbsp;<\/span>\n\t\t\t\t\t\t\t<span class=\"rcp_level_duration\">1&nbsp;Year<\/span>\n\t\t\t\t\t\t\t\t\t\t\t\t\t\t<div class=\"rcp_level_description\"> Il y a des choses qui sont une affaire de famille. Avant, je les aurais probablement mises sur Facebook. Mais aujourd'hui, c'est une erreur incontr\u00f4lable. J'ai beaucoup trop de contacts avec lesquels mon lien est beaucoup trop l\u00e2che pour que je veuille partager du contenu priv\u00e9 avec ma famille.<\/div>\n\t\t\t\t\t\t<\/label>\n\t\t\t\t\t<\/li>\n\t\t\t\t\t\t\t\t\t\t\t\t\t\t\t\t\t\t\t<li class=\"rcp_subscription_level rcp_subscription_level_2\">\n\t\t\t\t\t\t<input type=\"radio\" id=\"rcp_subscription_level_2\" class=\"required rcp_level\"  name=\"rcp_level\" rel=\"0\" value=\"2\" data-duration=\"forever\"\/>\n\t\t\t\t\t\t<label for=\"rcp_subscription_level_2\">\n\t\t\t\t\t\t\t<span class=\"rcp_subscription_level_name\">Follower<\/span><span class=\"rcp_separator\">&nbsp;-&nbsp;<\/span><span class=\"rcp_price\" rel=\"0\">free<\/span><span class=\"rcp_separator\">&nbsp;-&nbsp;<\/span>\n\t\t\t\t\t\t\t<span class=\"rcp_level_duration\">unlimited<\/span>\n\t\t\t\t\t\t\t\t\t\t\t\t\t\t<div class=\"rcp_level_description\"> Certaines choses n'ont tout simplement pas leur place sur le web. Je peux bien s\u00fbr noircir mon nom partout, mais mon nom figure dans les mentions l\u00e9gales et, comme l'exige la loi, ma date de naissance peut \u00eatre consult\u00e9e gratuitement et publiquement dans le registre du commerce. Et je ne veux vraiment pas que l'on me vole mon identit\u00e9 aussi facilement.<\/div>\n\t\t\t\t\t\t<\/label>\n\t\t\t\t\t<\/li>\n\t\t\t\t\t\t\t\t\t\t\t\t\t\t\t\t\t\t\t<li class=\"rcp_subscription_level rcp_subscription_level_3\">\n\t\t\t\t\t\t<input type=\"radio\" id=\"rcp_subscription_level_3\" class=\"required rcp_level\"  name=\"rcp_level\" rel=\"12\" value=\"3\" \/>\n\t\t\t\t\t\t<label for=\"rcp_subscription_level_3\">\n\t\t\t\t\t\t\t<span class=\"rcp_subscription_level_name\">Contributeur<\/span><span class=\"rcp_separator\">&nbsp;-&nbsp;<\/span><span class=\"rcp_price\" rel=\"12\">&#8364;12,00<\/span><span class=\"rcp_separator\">&nbsp;-&nbsp;<\/span>\n\t\t\t\t\t\t\t<span class=\"rcp_level_duration\">1&nbsp;Year<\/span>\n\t\t\t\t\t\t\t\t\t\t\t\t\t\t<div class=\"rcp_level_description\"> Tout le monde peut contribuer \u00e0 la protection des esp\u00e8ces. Tout le monde n'est pas oblig\u00e9 de devenir v\u00e9g\u00e9talien comme moi et d'investir chaque ann\u00e9e dans des centrales g\u00e9othermiques en Inde ou des fours solaires pour l'Afrique afin de compenser son empreinte \u00e9cologique.\r\n\r\nMais franchement, connais-tu quelqu'un qui serait pr\u00eat \u00e0 investir 1 euro par mois dans la protection des esp\u00e8ces ? Non, moi non plus.\r\n\r\nEst-ce que \u00e7a te fait mal de me donner 1,- \u20ac chaque mois pour que j'investisse des heures de ma vie \u00e0 rechercher des possibilit\u00e9s, \u00e0 creuser des informations sur les programmes que j'ai choisis - ce que je fais de toute fa\u00e7on pour moi - et que j'investisse ton euro l\u00e0 o\u00f9 je pense qu'il est bien investi de mani\u00e8re cr\u00e9dible ? L\u00e0 o\u00f9 je vais probablement d\u00e9penser une somme \u00e0 quatre chiffres cette ann\u00e9e. Parce que je suis fid\u00e8le \u00e0 ce que je dis.<\/div>\n\t\t\t\t\t\t<\/label>\n\t\t\t\t\t<\/li>\n\t\t\t\t\t\t\t\t\t\t\t\t<\/ul>\n\t\t\t\t<\/fieldset>\n\t\t<div class=\"rcp_registration_total\"><\/div>\n\t\t\t<div class=\"rcp_gateway_fields\">\n\t\t\t\t\t\t\t<fieldset class=\"rcp_gateways_fieldset\">\n\t\t\t\t\t<legend>Choose Your Payment Method<\/legend>\n\t\t\t\t\t<p id=\"rcp_payment_gateways\">\n\t\t\t\t\t\t\t\t\t\t\t\t\t<label for=\"rcp_gateway_manual\" class=\"rcp_gateway_option_label\">\n\t\t\t\t\t\t\t\t<input id=\"rcp_gateway_manual\" name=\"rcp_gateway\" type=\"radio\" class=\"rcp_gateway_option_input\" value=\"manual\" data-supports-recurring=\"no\" data-supports-trial=\"no\"  checked='checked'>\n\t\t\t\t\t\t\t\tManual Payment\t\t\t\t\t\t\t<\/label>\n\t\t\t\t\t\t\t\t\t\t\t\t\t<label for=\"rcp_gateway_stripe\" class=\"rcp_gateway_option_label\">\n\t\t\t\t\t\t\t\t<input id=\"rcp_gateway_stripe\" name=\"rcp_gateway\" type=\"radio\" class=\"rcp_gateway_option_input\" value=\"stripe\" data-supports-recurring=\"yes\" data-supports-trial=\"yes\" >\n\t\t\t\t\t\t\t\tCredit \/ Debit Card\t\t\t\t\t\t\t<\/label>\n\t\t\t\t\t\t\t\t\t\t\t<\/p>\n\t\t\t\t<\/fieldset>\n\t\t\t\t\t<\/div>\n\t\n\t\n\t\t\t<fieldset class=\"rcp_agree_to_privacy_policy_fieldset\">\n\t\t\t<p id=\"rcp_agree_to_privacy_policy_wrap\">\n\t\t\t\t<input type=\"checkbox\" id=\"rcp_agree_to_privacy_policy\" name=\"rcp_agree_to_privacy_policy\" value=\"1\">\n\t\t\t\t<label for=\"rcp_agree_to_privacy_policy\">\n\t\t\t\t\t<a href=\"https:\/\/paddys.de\/fr\/datenschutzerklaerung\/\" target=\"_blank\">J'ai compris l'accord sur la protection des donn\u00e9es.<\/a>\t\t\t\t<\/label>\n\t\t\t<\/p>\n\t\t<\/fieldset>\n\t\n\t\t\t<p id=\"rcp_auto_renew_wrap\">\n\t\t\t<input name=\"rcp_auto_renew\" id=\"rcp_auto_renew\" type=\"checkbox\" checked=\"checked\"\/>\n\t\t\t<label for=\"rcp_auto_renew\">Auto Renew<\/label>\n\t\t<\/p>\n\t\t<input type=\"hidden\" id=\"rcp-registration-type\" name=\"registration_type\" value=\"\" \/>\n\t<input type=\"hidden\" id=\"rcp-membership-id\" name=\"membership_id\" value=\"0\" \/>\n\t<input type=\"hidden\" id=\"rcp-payment-id\" name=\"rcp_registration_payment_id\" value=\"0\" \/>\n\t\n\t\n\t<p id=\"rcp_submit_wrap\">\n\t\t\t\t<input type=\"hidden\" name=\"rcp_register_nonce\" value=\"19a2e4c49d\"\/>\n\t\t<input type=\"submit\" name=\"rcp_submit_registration\" id=\"rcp_submit\" class=\"rcp-button\" value=\"Inscription\"\/>\n\t<\/p>\n<input type=\"hidden\" name=\"trp-form-language\" value=\"fr\"\/><\/form>","protected":false},"excerpt":{"rendered":"<p>Falls du dich bereits registriert hast und diese Seite siehst, melde dich bitte hier an. Wer schon einmal einen Mitgliederbereich mit Option der Spendenleistung per Kreditkarte gebaut hat wei\u00df, dass das nicht mal eben nebenbei in ein, zwei Stunden gemacht ist. Danach will erst noch alles getestet werden und wenn man so eine liebe Schwester hat wie ich, dann findet die jeden Fehler auf der Seite. Also was soll das? Zwei Gr\u00fcnde. Bis jetzt. Wer wei\u00df, was mir noch so alles einf\u00e4llt. Huch, sind ja schon drei Gr\u00fcnde. Entschuldige die schlimme Optik und das Kuddelmuddel aus deutsch und englisch, das&#8230;<\/p>","protected":false},"author":1,"featured_media":0,"parent":0,"menu_order":0,"comment_status":"closed","ping_status":"closed","template":"","meta":{"_acf_changed":false,"_lmt_disableupdate":"","_lmt_disable":"","_monsterinsights_skip_tracking":false,"_monsterinsights_sitenote_active":false,"_monsterinsights_sitenote_note":"","_monsterinsights_sitenote_category":0,"_uf_show_specific_survey":0,"_uf_disable_surveys":false,"footnotes":""},"class_list":["post-7350","page","type-page","status-publish","hentry"],"acf":[],"wps_subtitle":"","_links":{"self":[{"href":"https:\/\/paddys.de\/fr\/wp-json\/wp\/v2\/pages\/7350","targetHints":{"allow":["GET"]}}],"collection":[{"href":"https:\/\/paddys.de\/fr\/wp-json\/wp\/v2\/pages"}],"about":[{"href":"https:\/\/paddys.de\/fr\/wp-json\/wp\/v2\/types\/page"}],"author":[{"embeddable":true,"href":"https:\/\/paddys.de\/fr\/wp-json\/wp\/v2\/users\/1"}],"replies":[{"embeddable":true,"href":"https:\/\/paddys.de\/fr\/wp-json\/wp\/v2\/comments?post=7350"}],"version-history":[{"count":4,"href":"https:\/\/paddys.de\/fr\/wp-json\/wp\/v2\/pages\/7350\/revisions"}],"predecessor-version":[{"id":8477,"href":"https:\/\/paddys.de\/fr\/wp-json\/wp\/v2\/pages\/7350\/revisions\/8477"}],"wp:attachment":[{"href":"https:\/\/paddys.de\/fr\/wp-json\/wp\/v2\/media?parent=7350"}],"curies":[{"name":"wp","href":"https:\/\/api.w.org\/{rel}","templated":true}]}}